{"id":1165,"date":"2023-01-25T16:01:15","date_gmt":"2023-01-25T16:01:15","guid":{"rendered":"https:\/\/norwaybybike.com\/?page_id=1165"},"modified":"2024-03-13T20:24:14","modified_gmt":"2024-03-13T20:24:14","slug":"bike-transport-in-norway-trains-buses-and-boats","status":"publish","type":"page","link":"https:\/\/norwaybybike.com\/no\/bike-transport-in-norway-trains-buses-and-boats\/","title":{"rendered":"Sykkeltransport i Norge: Tog, buss og b\u00e5t"},"content":{"rendered":"<p><em class=\"small\">P\u00e5 reise med tog Fl\u00e5m. Foto: Torild Moland, TravelStock<\/em><\/p>\n\n\n\n<p><strong><em>Du kan ta med sykkelen din p\u00e5 mange busser, tog og b\u00e5ter i Norge. Noen ganger m\u00e5 du reservere plass p\u00e5 forh\u00e5nd, andre ganger er det bare \u00e5 m\u00f8te opp og kj\u00f8pe billett etter ombordstigning.<\/em><\/strong><\/p>\n\n\n\n<h2 class=\"wp-block-heading\">Tog<\/h2>\n\n\n\n<p>Tog kan v\u00e6re en veldig fin m\u00e5te \u00e5 ta med sykkelen p\u00e5 tur p\u00e5. P\u00e5 noen linjer er det mulig \u00e5 reservere plass p\u00e5 forh\u00e5nd. Dette anbefales, spesielt p\u00e5 popul\u00e6re avganger, for eksempel i forbindelse med helgen.<\/p>\n\n\n\n<p>N\u00e5r det ikke er mulig \u00e5 bestille plass p\u00e5 forh\u00e5nd, m\u00e5 du m\u00f8te opp og h\u00e5pe at det er ledig plass. Det kan avhenge av antall reisende, rullestoler og barnevogner om bord. Personalet avgj\u00f8r om det er plass til sykler. Dette er ikke ideelt n\u00e5r du planlegger en tur, men hvis du unng\u00e5r rushtiden, er det st\u00f8rre sjanse for ledig plass. Det er mulig \u00e5 ta med elsykler p\u00e5 tog p\u00e5 samme m\u00e5te som vanlige sykler. V\u00e6r oppmerksom p\u00e5 at elsykkelbatterier ikke m\u00e5 lades om bord p\u00e5 toget. Prisen for en sykkel er ofte den samme som for en barnebillett, men variasjoner kan forekomme.<\/p>\n\n\n\n<p>P\u00e5 noen tog er d\u00f8rene merket med en sykkel eller vogn. P\u00e5 andre tog m\u00e5 sykkelen plasseres p\u00e5 anviste steder, s\u00e5 sjekk med personalet.<\/p>\n\n\n\n<p><strong>Tips 1:<\/strong> M\u00f8t opp p\u00e5 stasjonen i god tid f\u00f8r avgang n\u00e5r du reiser med sykkel.<\/p>\n\n\n\n<p><strong>Tips 2:<\/strong> Sjekk ut <a href=\"https:\/\/entur.no\/\" target=\"_blank\" rel=\"noopener\">entur.no<\/a> \u00e5 finne offentlig transport i Norge uten hensyn til selskap.<\/p>\n\n\n\n<p>I Norge er det tre selskaper som driver de ulike togstrekningene:<\/p>\n\n\n\n<h3 class=\"wp-block-heading\">Vy<\/h3>\n\n\n\n<p>Linjer der det er mulig \u00e5 reservere sykler p\u00e5 forh\u00e5nd:<\/p>\n\n\n\n<ul class=\"wp-block-list\">\n<li>Bergensbanen: 15 plasser for sykler kan reserveres.<\/li>\n\n\n\n<li>Gj\u00f8vikbanen: 17 plasser for sykler kan reserveres.<\/li>\n<\/ul>\n\n\n\n<p>K\u00f8er uten reservasjoner - du kan kj\u00f8pe sykkelbillett etter at du har g\u00e5tt om bord p\u00e5 toget:<\/p>\n\n\n\n<ul class=\"wp-block-list\">\n<li>Skien-Oslo S-Lillehammer: 10 plasser for sykler (20 hvis dobbelt togpar)<\/li>\n\n\n\n<li>Oslo S-Halden-G\u00f6teborg: 5 plasser for sykler<\/li>\n\n\n\n<li>Bratsbergbanen: 2 plasser for sykler<\/li>\n\n\n\n<li>Andre lokaltog: 5 plasser for sykler<\/li>\n<\/ul>\n\n\n\n<p>N\u00e5r vedlikehold erstatter tog med buss, er det vanligvis ikke mulig \u00e5 ta med sykkel p\u00e5 lange reiser.<\/p>\n\n\n\n<p>Mer informasjon om&nbsp;<a href=\"https:\/\/www.vy.no\/alt-om-reisen\/tog\/praktisk-informasjon\/sykkel-pa-toget\" target=\"_blank\" rel=\"noreferrer noopener\">sykler p\u00e5 tog, rutetider og priser p\u00e5 Vy her.<\/a><\/p>\n\n\n\n<h3 class=\"wp-block-heading\">GoAhead Nordic<\/h3>\n\n\n\n<p>Linjer der det er mulig \u00e5 reservere sykler p\u00e5 forh\u00e5nd:<\/p>\n\n\n\n<ul class=\"wp-block-list\">\n<li>S\u00f8rtoget (Oslo-Kristiansand-Stavanger): 5 plasser for sykler (10 hvis dobelt togpar)<\/li>\n<\/ul>\n\n\n\n<p>K\u00f8er uten reservasjoner - du kan kj\u00f8pe sykkelbillett etter at du har g\u00e5tt om bord p\u00e5 toget:<\/p>\n\n\n\n<ul class=\"wp-block-list\">\n<li>Arendalsbanen: Avhengig av ledig plass (grupper p\u00e5 opptil 30 sykler kan arrangeres).<\/li>\n\n\n\n<li>J\u00e6rbanen: Avhengig av ledig plass<\/li>\n<\/ul>\n\n\n\n<p>Mer informasjon om&nbsp;<a href=\"https:\/\/go-aheadnordic.no\/reiseinformasjon\/sykkel-pa-toget\" target=\"_blank\" rel=\"noopener\">sykler p\u00e5 tog, rutetider og priser p\u00e5 GoAhead her.<\/a><\/p>\n\n\n\n<h3 class=\"wp-block-heading\">SJ Nord<\/h3>\n\n\n\n<p>Linjer der det er mulig \u00e5 reservere sykler p\u00e5 forh\u00e5nd:<\/p>\n\n\n\n<ul class=\"wp-block-list\">\n<li>Dovrebanen (Oslo-Trondheim): 5 plasser for sykler (10 hvis dobbelt togpar)<\/li>\n\n\n\n<li>Nordlandsbanen (Trondheim-Bod\u00f8): 5 plasser for sykler<\/li>\n<\/ul>\n\n\n\n<p>K\u00f8er uten reservasjoner - du kan kj\u00f8pe sykkelbillett etter at du har g\u00e5tt om bord p\u00e5 toget:<\/p>\n\n\n\n<ul class=\"wp-block-list\">\n<li>Raumabanen: Avhengig av ledig plass<\/li>\n\n\n\n<li>R\u00f8rosbanen: Avhengig av ledig plass<\/li>\n\n\n\n<li>Andre lokaltog: Avhengig av ledig plass<\/li>\n<\/ul>\n\n\n\n<p>Mer informasjon om&nbsp;<a href=\"https:\/\/www.sj.no\/om-reisen\/bagasje\/sykkel\" target=\"_blank\" rel=\"noopener\">sykler p\u00e5 tog, rutetider og priser p\u00e5 SJ Norge her.<\/a><\/p>\n\n\n\n<h2 class=\"wp-block-heading\">Busser<\/h2>\n\n\n\n<p>Det er mange ulike selskaper som driver lokale og regionale bussruter i Norge. Det anbefales \u00e5 ta kontakt med det aktuelle selskapet der du har tenkt \u00e5 reise for \u00e5 f\u00e5 oppdatert informasjon. Noen busselskaper krever at du reserverer plass p\u00e5 forh\u00e5nd. Og noen f\u00e5 selskaper tar ikke imot sykler i det hele tatt.<\/p>\n\n\n\n<p>Som hovedregel er det mulig \u00e5 ta med sykkel p\u00e5 bussen hvis det er plass. Det er sj\u00e5f\u00f8ren som avgj\u00f8r dette. Det er ingen garanti for at du kan ta med deg en sykkel - det avhenger ofte av bagasjeplassen. Dette gj\u00f8r det litt uforutsigbart \u00e5 reise med sykkel p\u00e5 bussen, men n\u00e5r det gjelder tog - hvis du unng\u00e5r rushtiden, er det st\u00f8rre sjanse for \u00e5 komme om bord med sykkelen din.<\/p>\n\n\n\n<h3 class=\"wp-block-heading\">Nor-Way Bussekspress<\/h3>\n\n\n\n<p>P\u00e5 flere strekninger er det mulig \u00e5 forh\u00e5ndsbestille plass til sykkelen p\u00e5 bussen. Hvis en sykkel ikke er tilgjengelig for bestilling p\u00e5 nettet, gjelder samme pris som for en barnebillett ved betaling p\u00e5 bussen. Du har bare garanti for at det er plass til sykkelen din p\u00e5 bussen hvis den er forh\u00e5ndsbestilt sammen med billetten.<\/p>\n\n\n\n<p>Mer informasjon om&nbsp;<a href=\"https:\/\/www.nor-way.no\/en\" target=\"_blank\" rel=\"noopener\">rutetider p\u00e5 Nor-Way Bussekspress.<\/a><\/p>\n\n\n\n<h2 class=\"wp-block-heading\">B\u00e5ter<strong>\u00a0<\/strong><\/h2>\n\n\n\n<h3 class=\"wp-block-heading\"><strong><a href=\"https:\/\/www.hurtigruten.no\/\" target=\"_blank\" rel=\"noopener\">Hurtigruten<\/a><\/strong><\/h3>\n\n\n\n<p>Kj\u00f8rer mellom Bergen og Kirkenes og tilbake til Bergen. Billettprisen er 200 NOK pr. dag for \u00e5 ta med sykkel, og dette kan bestilles direkte ved \u00e5 ringe +47 8100 3030. Se mer informasjon om sykler og bestilling <a href=\"https:\/\/www.hurtigruten.no\/norskekysten-praktisk-informasjon\/reiseinformasjon-for-reisende-langs-norskekysten\/\" target=\"_blank\" rel=\"noopener\">p\u00e5 Hurtigruten her.<\/a><\/p>\n\n\n\n<h3 class=\"wp-block-heading\"><strong><a href=\"https:\/\/www.havilakystruten.no\/nb\" target=\"_blank\" rel=\"noopener\">Havila Kystruten<\/a><\/strong><\/h3>\n\n\n\n<p>Kj\u00f8rer mellom Bergen og Kirkenes og tilbake til Bergen. Billettprisen er 200 NOK pr. dag for \u00e5 ta med sykkel, og dette kan bestilles direkte ved \u00e5 ringe +477000 7070. Se mer informasjon om sykler og bestilling <a href=\"https:\/\/www.havilavoyages.com\/faq\" target=\"_blank\" rel=\"noopener\">om Havila Kystruten her.<\/a><\/p>\n\n\n\n<h3 class=\"wp-block-heading\">Ferger og hurtigb\u00e5ter<\/h3>\n\n\n\n<p>Ferger er vanligvis gratis for sykler. P\u00e5 hurtigb\u00e5ter betaler du vanligvis barnebillett. Kontakt det aktuelle fergeselskapet for mer informasjon.<\/p>\n\n\n\n<p>Endringer kan forekomme.<\/p>","protected":false},"excerpt":{"rendered":"<p>Travelling with train Fl\u00e5m. Photo: Torild Moland, TravelStock You can bring your bike on many buses, trains and boats in Norway. Sometimes you need to reserve a space upfront, sometimes you just show up and buy a ticket after boarding. Trains Trains can be a very nice way to bring your bike on a tour. [&hellip;]<\/p>\n","protected":false},"author":2,"featured_media":1170,"parent":0,"menu_order":0,"comment_status":"closed","ping_status":"closed","template":"","meta":{"_acf_changed":false,"_relevanssi_hide_post":"","_relevanssi_pin_for_all":"","_relevanssi_pin_keywords":"","_relevanssi_unpin_keywords":"","_relevanssi_related_keywords":"","_relevanssi_related_include_ids":"","_relevanssi_related_exclude_ids":"","_relevanssi_related_no_append":"","_relevanssi_related_not_related":"","_relevanssi_related_posts":"725,411,405,611,1058","footnotes":""},"class_list":["post-1165","page","type-page","status-publish","has-post-thumbnail","hentry"],"acf":[],"_links":{"self":[{"href":"https:\/\/norwaybybike.com\/no\/wp-json\/wp\/v2\/pages\/1165","targetHints":{"allow":["GET"]}}],"collection":[{"href":"https:\/\/norwaybybike.com\/no\/wp-json\/wp\/v2\/pages"}],"about":[{"href":"https:\/\/norwaybybike.com\/no\/wp-json\/wp\/v2\/types\/page"}],"author":[{"embeddable":true,"href":"https:\/\/norwaybybike.com\/no\/wp-json\/wp\/v2\/users\/2"}],"replies":[{"embeddable":true,"href":"https:\/\/norwaybybike.com\/no\/wp-json\/wp\/v2\/comments?post=1165"}],"version-history":[{"count":10,"href":"https:\/\/norwaybybike.com\/no\/wp-json\/wp\/v2\/pages\/1165\/revisions"}],"predecessor-version":[{"id":2272,"href":"https:\/\/norwaybybike.com\/no\/wp-json\/wp\/v2\/pages\/1165\/revisions\/2272"}],"wp:featuredmedia":[{"embeddable":true,"href":"https:\/\/norwaybybike.com\/no\/wp-json\/wp\/v2\/media\/1170"}],"wp:attachment":[{"href":"https:\/\/norwaybybike.com\/no\/wp-json\/wp\/v2\/media?parent=1165"}],"curies":[{"name":"wp","href":"https:\/\/api.w.org\/{rel}","templated":true}]}}