{"id":1243,"date":"2023-03-09T16:10:29","date_gmt":"2023-03-09T16:10:29","guid":{"rendered":"https:\/\/norwaybybike.com\/?page_id=1243"},"modified":"2024-03-13T20:09:41","modified_gmt":"2024-03-13T20:09:41","slug":"bicycle-rental","status":"publish","type":"page","link":"https:\/\/norwaybybike.com\/no\/bicycle-rental\/","title":{"rendered":"Sykkelutleie"},"content":{"rendered":"<p>\u00d8nsker du \u00e5 leie sykkel i Norge? Da har du gode nyheter! Det finnes et bredt utvalg av alternativer over hele landet, fra hendige bysykler for cruising gjennom gatene til robuste terrengsykler for eventyrlystne. Her p\u00e5 norwaybybike.com har vi satt sammen en detaljert liste over sykkelutleiesteder for \u00e5 hjelpe deg med \u00e5 finne akkurat den sykkelen som passer for din reise.<\/p>\n\n\n\n<p>Vi gj\u00f8r v\u00e5rt ytterste for \u00e5 sikre at informasjonen er s\u00e5 oppdatert som mulig, men v\u00e6r oppmerksom p\u00e5 at opplysninger kan endres over tid. Har du kommet over et fantastisk sykkelutleiested som vi kanskje har oversett? Vi vil gjerne h\u00f8re om det! Ved \u00e5 dele tipsene dine hjelper du oss med \u00e5 holde listen v\u00e5r komplett for alle.<\/p>\n\n\n\n<p><a href=\"mailto:info@norwaybybike.com\">info@norwaybybike.com<\/a><\/p>","protected":false},"excerpt":{"rendered":"<p>Looking to rent a bike in Norway? Great news! There&#8217;s a wide variety of options across the country, from handy city bikes for cruising through streets to robust mountain bikes for adventure seekers. Here at norwaybybike.com, we&#8217;ve put together a detailed list of bicycle rental locations to help you find just the right bike for [&hellip;]<\/p>\n","protected":false},"author":1,"featured_media":0,"parent":0,"menu_order":0,"comment_status":"closed","ping_status":"closed","template":"template-bicycle-workshop.php","meta":{"_acf_changed":false,"_relevanssi_hide_post":"","_relevanssi_pin_for_all":"","_relevanssi_pin_keywords":"","_relevanssi_unpin_keywords":"","_relevanssi_related_keywords":"","_relevanssi_related_include_ids":"","_relevanssi_related_exclude_ids":"","_relevanssi_related_no_append":"","_relevanssi_related_not_related":"","_relevanssi_related_posts":"611,1058,411,405,725","footnotes":""},"class_list":["post-1243","page","type-page","status-publish","hentry"],"acf":[],"_links":{"self":[{"href":"https:\/\/norwaybybike.com\/no\/wp-json\/wp\/v2\/pages\/1243","targetHints":{"allow":["GET"]}}],"collection":[{"href":"https:\/\/norwaybybike.com\/no\/wp-json\/wp\/v2\/pages"}],"about":[{"href":"https:\/\/norwaybybike.com\/no\/wp-json\/wp\/v2\/types\/page"}],"author":[{"embeddable":true,"href":"https:\/\/norwaybybike.com\/no\/wp-json\/wp\/v2\/users\/1"}],"replies":[{"embeddable":true,"href":"https:\/\/norwaybybike.com\/no\/wp-json\/wp\/v2\/comments?post=1243"}],"version-history":[{"count":5,"href":"https:\/\/norwaybybike.com\/no\/wp-json\/wp\/v2\/pages\/1243\/revisions"}],"predecessor-version":[{"id":2264,"href":"https:\/\/norwaybybike.com\/no\/wp-json\/wp\/v2\/pages\/1243\/revisions\/2264"}],"wp:attachment":[{"href":"https:\/\/norwaybybike.com\/no\/wp-json\/wp\/v2\/media?parent=1243"}],"curies":[{"name":"wp","href":"https:\/\/api.w.org\/{rel}","templated":true}]}}