{"id":1850,"date":"2023-10-30T12:14:37","date_gmt":"2023-10-30T12:14:37","guid":{"rendered":"https:\/\/norwaybybike.com\/?page_id=1850"},"modified":"2026-01-12T07:32:33","modified_gmt":"2026-01-12T07:32:33","slug":"bicycle-friendly-accommodation","status":"publish","type":"page","link":"https:\/\/norwaybybike.com\/no\/cyclist-welcome\/bicycle-friendly-accommodation\/","title":{"rendered":"Sykkelvennlig innkvartering"},"content":{"rendered":"<p>Syklister som planlegger sykkelturen p\u00e5 egen h\u00e5nd, er ofte p\u00e5 utkikk etter sykkelvennlige overnattingssteder som im\u00f8tekommer deres behov. Bli med i nettverket v\u00e5rt p\u00e5 norwaybybike.com som et sykkelvennlig overnattingssted, og f\u00e5 en egen side for \u00e5 fremheve dine spesielle tilbud til sykkelfans. Vi hjelper deg med engasjerende innhold og bilder for \u00e5 sikre at din plass skinner p\u00e5 v\u00e5r SEO-optimaliserte nettplattform.<\/p>\n\n\n\n<p>I v\u00e5r samling av sykkelvennlige overnattingssteder finner du en rekke innbydende alternativer, inkludert bed &amp; breakfast, vandrerhjem, pensjonater, hytter, campingplasser og hoteller. Alle er innstilt p\u00e5 \u00e5 ta imot syklister og ligger i n\u00e6rheten av sykkelstier og viktige sykkelsteder, noe som gj\u00f8r dem til ideelle valg for sykkelentusiaster som utforsker ulike regioner.<\/p>\n\n\n<div class=\"wp-block-image\">\n<figure class=\"alignright size-large is-resized\"><img decoding=\"async\" src=\"https:\/\/norwaybybike.com\/wordpress\/wp-content\/themes\/swedenbybike-norwaybybike\/images\/sbb-cyclist-welcome.svg\" alt=\"Syklister \u00f8nskes velkommen 2025\" style=\"object-fit:cover;width:200px;height:200px\"\/><\/figure>\n<\/div>\n\n\n<p>Prisen for \u00e5 bli medlem av nettverket v\u00e5rt er 1 200 kr pluss moms per \u00e5r, uten provisjonsgebyrer. Du blir henvist direkte til kontaktinformasjonen du har oppgitt, noe som sikrer en s\u00f8ml\u00f8s bestillingsprosess for begge parter.<\/p>\n\n\n\n<p><strong>F\u00f8lgende er inkludert (tjenesten er et \u00e5rsabonnement):<\/strong><\/p>\n\n\n\n<ul class=\"wp-block-list\">\n<li>Egen presentasjonsside p\u00e5 norwaybybike.com.<\/li>\n\n\n\n<li>Kontaktinformasjon for bestilling og direkte lenke til nettstedet ditt.<\/li>\n\n\n\n<li>Bli oppf\u00f8rt p\u00e5 relevante sider for sykkelruter, destinasjoner og turer.<\/li>\n\n\n\n<li>Fysiske klistremerker med teksten \"Syklister velkommen!\" skal festes p\u00e5 inngangspartiene.<\/li>\n\n\n\n<li>Digitalt klistremerke \"Syklist velkommen!\" som kan vises p\u00e5 nettstedet ditt.<\/li>\n<\/ul>\n\n\n\n<p><strong>Dette er hva vi forventer av alle&nbsp;<em>Sykkelvennlige overnattingssteder<\/em>:<\/strong><\/p>\n\n\n\n<ul class=\"wp-block-list\">\n<li>Sikker sykkeloppbevaring<\/li>\n\n\n\n<li>Mulighet for \u00e5 l\u00e5ne en sykkelpumpe og enkle verkt\u00f8y.<\/li>\n\n\n\n<li>Kontaktinformasjon til n\u00e6rmeste sykkelservice<\/li>\n<\/ul>\n\n\n\n<p>H\u00f8res det interessant ut, eller vil du vite mer? Kontakt oss p\u00e5 <a href=\"mailto:info@norwaybybike.com\">info@norwaybybike.com<\/a>&nbsp;eller&nbsp;<a href=\"tel:+4686409656\">+46 (0)8-640 96 56<\/a>&nbsp;s\u00e5 hjelper vi deg.<\/p>\n\n\n\n<h3 class=\"wp-block-heading\">Driver du kaf\u00e9, restaurant eller annen n\u00e6ringsvirksomhet?<\/h3>\n\n\n\n<p>Les mer om hvordan du kan bli med i nettverket v\u00e5rt som et \"favorittsted\" og tiltrekke deg flere syklende bes\u00f8kende til bedriften din.&nbsp;<a href=\"https:\/\/norwaybybike.com\/cyclist-welcome\/favorite-place-for-cyclists\/\">Les mer om Cyclist welcome for Favorite Places her.<\/a><\/p>","protected":false},"excerpt":{"rendered":"<p>Cyclists planning their cycling trip on their own often look for bicycle-friendly stays that cater to their needs. Join our network at norwaybybike.com as a bicycle-friendly accommodation and receive a dedicated page to highlight your special offerings to cycling fans. We assist with engaging content and visuals to ensure your spot shines on our SEO-optimized [&hellip;]<\/p>\n","protected":false},"author":1,"featured_media":0,"parent":85,"menu_order":0,"comment_status":"closed","ping_status":"closed","template":"","meta":{"_acf_changed":false,"_relevanssi_hide_post":"","_relevanssi_pin_for_all":"","_relevanssi_pin_keywords":"","_relevanssi_unpin_keywords":"","_relevanssi_related_keywords":"","_relevanssi_related_include_ids":"","_relevanssi_related_exclude_ids":"","_relevanssi_related_no_append":"","_relevanssi_related_not_related":"","_relevanssi_related_posts":"1058,411,725,405,1249,611","footnotes":""},"class_list":["post-1850","page","type-page","status-publish","hentry"],"acf":[],"_links":{"self":[{"href":"https:\/\/norwaybybike.com\/no\/wp-json\/wp\/v2\/pages\/1850","targetHints":{"allow":["GET"]}}],"collection":[{"href":"https:\/\/norwaybybike.com\/no\/wp-json\/wp\/v2\/pages"}],"about":[{"href":"https:\/\/norwaybybike.com\/no\/wp-json\/wp\/v2\/types\/page"}],"author":[{"embeddable":true,"href":"https:\/\/norwaybybike.com\/no\/wp-json\/wp\/v2\/users\/1"}],"replies":[{"embeddable":true,"href":"https:\/\/norwaybybike.com\/no\/wp-json\/wp\/v2\/comments?post=1850"}],"version-history":[{"count":15,"href":"https:\/\/norwaybybike.com\/no\/wp-json\/wp\/v2\/pages\/1850\/revisions"}],"predecessor-version":[{"id":5358,"href":"https:\/\/norwaybybike.com\/no\/wp-json\/wp\/v2\/pages\/1850\/revisions\/5358"}],"up":[{"embeddable":true,"href":"https:\/\/norwaybybike.com\/no\/wp-json\/wp\/v2\/pages\/85"}],"wp:attachment":[{"href":"https:\/\/norwaybybike.com\/no\/wp-json\/wp\/v2\/media?parent=1850"}],"curies":[{"name":"wp","href":"https:\/\/api.w.org\/{rel}","templated":true}]}}