{"id":1852,"date":"2023-10-30T12:16:46","date_gmt":"2023-10-30T12:16:46","guid":{"rendered":"https:\/\/norwaybybike.com\/?page_id=1852"},"modified":"2026-01-12T07:33:03","modified_gmt":"2026-01-12T07:33:03","slug":"favorite-place-for-cyclists","status":"publish","type":"page","link":"https:\/\/norwaybybike.com\/no\/cyclist-welcome\/favorite-place-for-cyclists\/","title":{"rendered":"Favorittsted for syklister"},"content":{"rendered":"<p>Eier du en <em>kaf\u00e9<\/em>, <em>restaurant<\/em>, eller <em>turistattraksjon<\/em> og \u00f8nsker \u00e5 tiltrekke deg sykkelentusiaster? Bli et anerkjent \"favorittsted for syklister\" sammen med oss. For bare 800 kr pluss moms i \u00e5ret kan du bli en del av det pulserende fellesskapet av syklister som leter etter innbydende steder p\u00e5 reisen.<\/p>\n\n\n<div class=\"wp-block-image\">\n<figure class=\"alignright size-large is-resized\"><img decoding=\"async\" src=\"https:\/\/norwaybybike.com\/wordpress\/wp-content\/themes\/swedenbybike-norwaybybike\/images\/sbb-cyclist-welcome.svg\" alt=\"Syklister \u00f8nskes velkommen 2025\" style=\"object-fit:cover;width:200px;height:200px\"\/><\/figure>\n<\/div>\n\n\n<p><strong>Som \"Favorittsted for syklister\" f\u00e5r du:<\/strong><\/p>\n\n\n\n<ul class=\"wp-block-list\">\n<li>Egen presentasjonsside p\u00e5 norwaybybike.com.<\/li>\n\n\n\n<li>Kontaktinformasjon og direkte lenke til nettstedet ditt.<\/li>\n\n\n\n<li>Bli oppf\u00f8rt p\u00e5 relevante sider for sykkelruter, destinasjoner og turer.<\/li>\n\n\n\n<li>Fysiske klistremerker med teksten \"Syklister velkommen!\" skal festes p\u00e5 inngangspartiene.<\/li>\n\n\n\n<li>Digitalt klistremerke \"Syklist velkommen!\" som kan vises p\u00e5 nettstedet ditt.<\/li>\n<\/ul>\n\n\n\n<p><strong>Dette er hva vi forventer av alle&nbsp;<em>Favorittsted<\/em>:<\/strong><\/p>\n\n\n\n<ul class=\"wp-block-list\">\n<li>Sykkelparkering tilgjengelig<\/li>\n\n\n\n<li>Mulighet for \u00e5 l\u00e5ne en sykkelpumpe og enkle verkt\u00f8y.<\/li>\n\n\n\n<li>Mulighet for lading av mobilenheter<\/li>\n<\/ul>\n\n\n\n<p>H\u00f8res det interessant ut, eller vil du vite mer? Kontakt oss p\u00e5 <a href=\"mailto:info@norwaybybike.com\">info@norwaybybike.com<\/a>&nbsp;eller&nbsp;<a href=\"tel:+4686409656\">+46 (0)8-640 96 56<\/a>&nbsp;s\u00e5 hjelper vi deg.<\/p>\n\n\n\n<h3 class=\"wp-block-heading\">Sykkelvennlig innkvartering<\/h3>\n\n\n\n<p>Driver du et overnattingssted og er interessert i \u00e5 tiltrekke deg flere syklister? Les mer om v\u00e5r \"Cyclist welcome!\" for overnattingssteder og bli en del av nettverket som prioriterer syklende gjester.&nbsp;<a href=\"https:\/\/norwaybybike.com\/cyclist-welcome\/bicycle-friendly-accommodation\/\">Les mer om sykkelvennlige overnattingssteder her.<\/a><\/p>","protected":false},"excerpt":{"rendered":"<p>Do you own a caf\u00e9, restaurant, or tourist attraction and wish to attract cycling enthusiasts? Become a recognized &#8216;Favorite Place for Cyclists&#8217; with us. For just 800 kr plus VAT per year, tap into the vibrant community of cyclists looking for welcoming spots on their journeys. As a &#8216;Favorite Place for Cyclists&#8217;, you&#8217;ll receive: This [&hellip;]<\/p>\n","protected":false},"author":1,"featured_media":0,"parent":85,"menu_order":0,"comment_status":"closed","ping_status":"closed","template":"","meta":{"_acf_changed":false,"_relevanssi_hide_post":"","_relevanssi_pin_for_all":"","_relevanssi_pin_keywords":"","_relevanssi_unpin_keywords":"","_relevanssi_related_keywords":"","_relevanssi_related_include_ids":"","_relevanssi_related_exclude_ids":"","_relevanssi_related_no_append":"","_relevanssi_related_not_related":"","_relevanssi_related_posts":"725,1249,405,1058,411,611","footnotes":""},"class_list":["post-1852","page","type-page","status-publish","hentry"],"acf":[],"_links":{"self":[{"href":"https:\/\/norwaybybike.com\/no\/wp-json\/wp\/v2\/pages\/1852","targetHints":{"allow":["GET"]}}],"collection":[{"href":"https:\/\/norwaybybike.com\/no\/wp-json\/wp\/v2\/pages"}],"about":[{"href":"https:\/\/norwaybybike.com\/no\/wp-json\/wp\/v2\/types\/page"}],"author":[{"embeddable":true,"href":"https:\/\/norwaybybike.com\/no\/wp-json\/wp\/v2\/users\/1"}],"replies":[{"embeddable":true,"href":"https:\/\/norwaybybike.com\/no\/wp-json\/wp\/v2\/comments?post=1852"}],"version-history":[{"count":10,"href":"https:\/\/norwaybybike.com\/no\/wp-json\/wp\/v2\/pages\/1852\/revisions"}],"predecessor-version":[{"id":5359,"href":"https:\/\/norwaybybike.com\/no\/wp-json\/wp\/v2\/pages\/1852\/revisions\/5359"}],"up":[{"embeddable":true,"href":"https:\/\/norwaybybike.com\/no\/wp-json\/wp\/v2\/pages\/85"}],"wp:attachment":[{"href":"https:\/\/norwaybybike.com\/no\/wp-json\/wp\/v2\/media?parent=1852"}],"curies":[{"name":"wp","href":"https:\/\/api.w.org\/{rel}","templated":true}]}}