{"id":3932,"date":"2025-03-10T14:00:11","date_gmt":"2025-03-10T14:00:11","guid":{"rendered":"https:\/\/norwaybybike.com\/?page_id=3932"},"modified":"2025-03-10T14:00:14","modified_gmt":"2025-03-10T14:00:14","slug":"contact","status":"publish","type":"page","link":"https:\/\/norwaybybike.com\/no\/contact\/","title":{"rendered":"Kontakt"},"content":{"rendered":"<p>Ta gjerne kontakt med oss hvis du har sp\u00f8rsm\u00e5l, tilbakemeldinger eller forslag! Vi setter pris p\u00e5 din mening og streber alltid etter \u00e5 forbedre v\u00e5r service. Enten det gjelder generelle sp\u00f8rsm\u00e5l, detaljer om tjenestene v\u00e5re eller om du trenger hjelp til \u00e5 planlegge en sykkelferie eller firmatur, hjelper vi deg gjerne.&nbsp;<\/p>\n\n\n\n<h2 class=\"wp-block-heading\">E-post og telefon<\/h2>\n\n\n\n<p>E-post: <a href=\"mailto:info@norwaybybike.com\">info@norwaybybike.com<\/a><br>Telefon +46 (0)8 640 96 56<\/p>\n\n\n\n<h2 class=\"wp-block-heading\">Sosiale medier<\/h2>\n\n\n\n<p><a href=\"https:\/\/www.facebook.com\/norwaybybike\/\" target=\"_blank\" rel=\"noopener\">Facebook<\/a><br><a href=\"https:\/\/www.instagram.com\/norway.by.bike\/\" target=\"_blank\" rel=\"noopener\">Instagram<\/a><\/p>\n\n\n\n<h2 class=\"wp-block-heading\">Postadresse<\/h2>\n\n\n\n<p>Norway by Bike AS<br>Colbj\u00f8rnsens gate 12<br>0256 Oslo<\/p>","protected":false},"excerpt":{"rendered":"<p>Please feel free to contact us with any questions, feedback or suggestions! We value your opinion and always strive to improve our service. Whether it&#8217;s general inquiries, details about our services or if you need help planning a cycling vacation or corporate trip, we are happy to help you.&nbsp; Email and phone E-mail: info@norwaybybike.comPhone:\u00a0+46 (0)8 [&hellip;]<\/p>\n","protected":false},"author":1,"featured_media":0,"parent":0,"menu_order":0,"comment_status":"closed","ping_status":"closed","template":"","meta":{"_acf_changed":false,"_relevanssi_hide_post":"","_relevanssi_pin_for_all":"","_relevanssi_pin_keywords":"","_relevanssi_unpin_keywords":"","_relevanssi_related_keywords":"","_relevanssi_related_include_ids":"","_relevanssi_related_exclude_ids":"","_relevanssi_related_no_append":"","_relevanssi_related_not_related":"","_relevanssi_related_posts":"405,2392,2897,611,1058,725","footnotes":""},"class_list":["post-3932","page","type-page","status-publish","hentry"],"acf":[],"_links":{"self":[{"href":"https:\/\/norwaybybike.com\/no\/wp-json\/wp\/v2\/pages\/3932","targetHints":{"allow":["GET"]}}],"collection":[{"href":"https:\/\/norwaybybike.com\/no\/wp-json\/wp\/v2\/pages"}],"about":[{"href":"https:\/\/norwaybybike.com\/no\/wp-json\/wp\/v2\/types\/page"}],"author":[{"embeddable":true,"href":"https:\/\/norwaybybike.com\/no\/wp-json\/wp\/v2\/users\/1"}],"replies":[{"embeddable":true,"href":"https:\/\/norwaybybike.com\/no\/wp-json\/wp\/v2\/comments?post=3932"}],"version-history":[{"count":2,"href":"https:\/\/norwaybybike.com\/no\/wp-json\/wp\/v2\/pages\/3932\/revisions"}],"predecessor-version":[{"id":3934,"href":"https:\/\/norwaybybike.com\/no\/wp-json\/wp\/v2\/pages\/3932\/revisions\/3934"}],"wp:attachment":[{"href":"https:\/\/norwaybybike.com\/no\/wp-json\/wp\/v2\/media?parent=3932"}],"curies":[{"name":"wp","href":"https:\/\/api.w.org\/{rel}","templated":true}]}}