{"id":4054,"date":"2025-04-07T12:41:08","date_gmt":"2025-04-07T12:41:08","guid":{"rendered":"https:\/\/norwaybybike.com\/?page_id=4054"},"modified":"2025-04-07T13:05:32","modified_gmt":"2025-04-07T13:05:32","slug":"disclaimer","status":"publish","type":"page","link":"https:\/\/norwaybybike.com\/no\/disclaimer\/","title":{"rendered":"Ansvarsfraskrivelse"},"content":{"rendered":"<p>Informasjonen p\u00e5 dette nettstedet er ment som inspirasjon til planlegging av sykkelturer i Norge. Vi gj\u00f8r v\u00e5rt ytterste for \u00e5 holde kart, rutebeskrivelser og innhold oppdatert og n\u00f8yaktig, men <strong>endringer kan forekomme<\/strong>, og det kan forekomme feil eller mangler<\/p>\n\n\n\n<p>Norway by Bike AS kan ikke holdes ansvarlig for avvik i veiforholdene, rutens n\u00f8yaktighet, \u00e5pningstider, tjenester eller annen informasjon som er gitt. Vi anbefaler at du sjekker <strong>lokale forhold og oppdateringer<\/strong> f\u00f8r du legger ut p\u00e5 tur. Hvis du finner feil i informasjonen v\u00e5r, ber vi deg informere oss om dette, slik at vi kan gj\u00f8re n\u00f8dvendige rettelser.<\/p>","protected":false},"excerpt":{"rendered":"<p>The information on this website is intended as inspiration for planning cycling trips in Norway. We make every effort to keep maps, route descriptions, and content up to date and accurate, but changes may occur, and errors or omissions may be present. Norway by Bike AS cannot be held responsible for deviations in road conditions, [&hellip;]<\/p>\n","protected":false},"author":12,"featured_media":0,"parent":0,"menu_order":0,"comment_status":"closed","ping_status":"closed","template":"","meta":{"_acf_changed":false,"_relevanssi_hide_post":"","_relevanssi_pin_for_all":"","_relevanssi_pin_keywords":"","_relevanssi_unpin_keywords":"","_relevanssi_related_keywords":"","_relevanssi_related_include_ids":"","_relevanssi_related_exclude_ids":"","_relevanssi_related_no_append":"","_relevanssi_related_not_related":"","_relevanssi_related_posts":"1904,2392,405,725,2897,611","footnotes":""},"class_list":["post-4054","page","type-page","status-publish","hentry"],"acf":[],"_links":{"self":[{"href":"https:\/\/norwaybybike.com\/no\/wp-json\/wp\/v2\/pages\/4054","targetHints":{"allow":["GET"]}}],"collection":[{"href":"https:\/\/norwaybybike.com\/no\/wp-json\/wp\/v2\/pages"}],"about":[{"href":"https:\/\/norwaybybike.com\/no\/wp-json\/wp\/v2\/types\/page"}],"author":[{"embeddable":true,"href":"https:\/\/norwaybybike.com\/no\/wp-json\/wp\/v2\/users\/12"}],"replies":[{"embeddable":true,"href":"https:\/\/norwaybybike.com\/no\/wp-json\/wp\/v2\/comments?post=4054"}],"version-history":[{"count":2,"href":"https:\/\/norwaybybike.com\/no\/wp-json\/wp\/v2\/pages\/4054\/revisions"}],"predecessor-version":[{"id":4057,"href":"https:\/\/norwaybybike.com\/no\/wp-json\/wp\/v2\/pages\/4054\/revisions\/4057"}],"wp:attachment":[{"href":"https:\/\/norwaybybike.com\/no\/wp-json\/wp\/v2\/media?parent=4054"}],"curies":[{"name":"wp","href":"https:\/\/api.w.org\/{rel}","templated":true}]}}