{"id":43,"date":"2021-09-20T18:27:41","date_gmt":"2021-09-20T18:27:41","guid":{"rendered":"https:\/\/local-norwaybybike.com\/?page_id=43"},"modified":"2021-09-20T18:27:41","modified_gmt":"2021-09-20T18:27:41","slug":"terms-and-privacy","status":"publish","type":"page","link":"https:\/\/norwaybybike.com\/no\/terms-and-privacy\/","title":{"rendered":"Vilk\u00e5r og personvern"},"content":{"rendered":"<p>Nedenfor finner du informasjon om v\u00e5re tjenestevilk\u00e5r og v\u00e5re retningslinjer for databeskyttelse og personvern.<\/p>","protected":false},"excerpt":{"rendered":"<p>Nedenfor finner du informasjon om v\u00e5re tjenestevilk\u00e5r og v\u00e5re retningslinjer for databeskyttelse og personvern.<\/p>","protected":false},"author":1,"featured_media":0,"parent":0,"menu_order":0,"comment_status":"closed","ping_status":"closed","template":"","meta":{"_acf_changed":false,"_relevanssi_hide_post":"","_relevanssi_pin_for_all":"","_relevanssi_pin_keywords":"","_relevanssi_unpin_keywords":"","_relevanssi_related_keywords":"","_relevanssi_related_include_ids":"","_relevanssi_related_exclude_ids":"","_relevanssi_related_no_append":"","_relevanssi_related_not_related":"","_relevanssi_related_posts":"1","footnotes":""},"class_list":["post-43","page","type-page","status-publish","hentry"],"acf":[],"_links":{"self":[{"href":"https:\/\/norwaybybike.com\/no\/wp-json\/wp\/v2\/pages\/43","targetHints":{"allow":["GET"]}}],"collection":[{"href":"https:\/\/norwaybybike.com\/no\/wp-json\/wp\/v2\/pages"}],"about":[{"href":"https:\/\/norwaybybike.com\/no\/wp-json\/wp\/v2\/types\/page"}],"author":[{"embeddable":true,"href":"https:\/\/norwaybybike.com\/no\/wp-json\/wp\/v2\/users\/1"}],"replies":[{"embeddable":true,"href":"https:\/\/norwaybybike.com\/no\/wp-json\/wp\/v2\/comments?post=43"}],"version-history":[{"count":1,"href":"https:\/\/norwaybybike.com\/no\/wp-json\/wp\/v2\/pages\/43\/revisions"}],"predecessor-version":[{"id":572,"href":"https:\/\/norwaybybike.com\/no\/wp-json\/wp\/v2\/pages\/43\/revisions\/572"}],"wp:attachment":[{"href":"https:\/\/norwaybybike.com\/no\/wp-json\/wp\/v2\/media?parent=43"}],"curies":[{"name":"wp","href":"https:\/\/api.w.org\/{rel}","templated":true}]}}