{"id":446,"date":"2022-05-23T11:16:49","date_gmt":"2022-05-23T11:16:49","guid":{"rendered":"https:\/\/norwaybybike.com\/?page_id=446"},"modified":"2025-03-31T14:30:40","modified_gmt":"2025-03-31T14:30:40","slug":"a-z","status":"publish","type":"page","link":"https:\/\/norwaybybike.com\/no\/a-z\/","title":{"rendered":"A-\u00c5"},"content":{"rendered":"<p>A-\u00c5 med svar p\u00e5 ofte stilte sp\u00f8rsm\u00e5l. Ta gjerne kontakt med oss om hvordan vi kan forbedre informasjonen, eller hvis det er noe du lurer p\u00e5. Du n\u00e5r oss via e-post <a href=\"mailto:info@norwaybybike.com\">info@norwaybybike.com<\/a> eller telefon\u00a0<a href=\"http:\/\/+468-640 96 56\">+46 (0)8-640 96 56<\/a>.<\/p>\n\n\n\n<h3 class=\"wp-block-heading\">Sykkelvennlig innkvartering<\/h3>\n\n\n\n<p>For de som er ute og sykler, er det enklere \u00e5 overnatte p\u00e5 et sykkelvennlig overnattingssted. V\u00e5r&nbsp;<a href=\"https:\/\/swedenbybike.com\/cykelleder\/?post_types=cycleroute,accommodation\" target=\"_blank\" rel=\"noopener\">sykkelvennlige overnattingssteder<\/a>&nbsp;er bed and breakfasts, vandrerhjem, pensjonater og hoteller som er godt forberedt p\u00e5 \u00e5 ta imot gjester som kommer p\u00e5 sykkel. Overnattingsstedene ligger i n\u00e6rheten av sykkelruter og interessante utfluktsm\u00e5l, og alle tilbyr disse spesielle tjenestene for deg som sykler:<\/p>\n\n\n\n<ul class=\"wp-block-list\">\n<li>Mulighet til \u00e5 l\u00e5ne verkt\u00f8y for enklere reparasjoner<\/li>\n\n\n\n<li>Vaskeri og t\u00f8rkemuligheter for kl\u00e6r<\/li>\n\n\n\n<li>Sikker sykkeloppbevaring<\/li>\n<\/ul>\n\n\n\n<h3 class=\"wp-block-heading\">Sykkelpakker<\/h3>\n\n\n\n<p>Det er mange fordeler med \u00e5 bestille en ferdig sykkeltur som inkluderer overnatting, god mat og turforslag. Hos Norway by Bike finner du et stort utvalg av fine sykkelturer. N\u00e5r du bestiller sykkelturen din via oss, kan du v\u00e6re sikker p\u00e5 at du som kunde er garantert den laveste prisen.<\/p>\n\n\n\n<p>Vi har delt inn sykkelturene i ulike kategorier. Du ser tydelig hva som er inkludert i grunnprisen, men har ogs\u00e5 mulighet til \u00e5 gj\u00f8re ulike tilvalg. Kanskje du \u00f8nsker \u00e5 leie sykkel (hvis det ikke er inkludert) eller bli en ekstra natt? N\u00e5r du har sendt en bestillingsforesp\u00f8rsel, f\u00e5r du svar innen 24 timer og kan deretter velge \u00e5 bekrefte bestillingen.<\/p>\n\n\n\n<p><a href=\"https:\/\/norwaybybike.com\/bicycle-tours\/\">Her finner du alle sykkelpakkene v\u00e5re<\/a>.<\/p>\n\n\n\n<h3 class=\"wp-block-heading\">Kl\u00e6r<\/h3>\n\n\n\n<p>Valg av kl\u00e6r avhenger selvf\u00f8lgelig av hvilken \u00e5rstid du bruker p\u00e5 sykkelturen og hvor lenge du planlegger \u00e5 v\u00e6re borte. En godkjent sykkelhjelm (gjerne en s\u00e5kalt Mips-hjelm), en vindtett jakke og en polstret sykkelbukse er uansett et godt utgangspunkt. Det er ogs\u00e5 lurt \u00e5 ta med en fin genser som avveksling n\u00e5r du tar en pause.<\/p>\n\n\n\n<p>Til h\u00f8st- og vintersykling er det fint med en tynn vindtett lue under hjelmen, galongalos\/skoovertrekk som holder v\u00e5tt og kj\u00f8lig unna og et par varme hansker. I de m\u00f8rkere \u00e5rstidene er det ogs\u00e5 viktig \u00e5 ha gode reflekser slik at du er godt synlig.<strong>&nbsp;<\/strong><\/p>\n\n\n\n<h3 class=\"wp-block-heading\">Avstand<\/h3>\n\n\n\n<p>Mange synes det er langt \u00e5 sykle flere mil, men med en sykkel kommer du ganske langt p\u00e5 en dag uten at du trenger \u00e5 v\u00e6re spesielt godt trent. Med en elsykkel blir det enda enklere fordi du f\u00e5r litt ekstra hjelp i bakkene. Det er selvf\u00f8lgelig bra om du har en viss grunnform, men for de fleste er det ganske enkelt \u00e5 sykle mellom 30-60 km per dag. Hvis du sykler i et avslappet, rolig tempo, kan du regne med at en strekning p\u00e5 15 km tar omtrent en time.<\/p>\n\n\n\n<h3 class=\"wp-block-heading\">Gpx-filer<\/h3>\n\n\n\n<p>Som hjelp til \u00e5 navigere og finne frem kan man noen ganger bruke en GPX-fil. Enkelt sagt kan man si at en GPX-fil inneholder digital kartinformasjon. Du m\u00e5 ha et program som lar deg lese den p\u00e5 mobiltelefonen din. Det finnes flere forskjellige, vi kan fortelle om gratisversjonen av en enkel app som heter\u00a0<a href=\"https:\/\/bikegpx.com\/\" target=\"_blank\" rel=\"noopener\">BikeGPX<\/a>. Den er enkel \u00e5 bruke, og selv en av de ovennevnte brukerne vil ganske raskt finne ut hvordan man gj\u00f8r det. N\u00e5r du har appen og har lastet ned GPX-filen til mobilen, f\u00e5r du et kart som du kan gj\u00f8re mer oversiktlig eller g\u00e5 i detaljer.<\/p>\n\n\n\n<h3 class=\"wp-block-heading\">Transport av bagasje<\/h3>\n\n\n\n<p>N\u00e5r du bestiller en sykkeltur som inkluderer overnatting, er det ofte mulig \u00e5 f\u00e5 bagasjen transportert mellom ulike overnattingssteder. Les mer om hver enkelt sykkeltur eller kontakt oss hvis du har spesielle \u00f8nsker eller behov.<\/p>\n\n\n\n<h3 class=\"wp-block-heading\">Kj\u00e6ledyr<\/h3>\n\n\n\n<p>For deg som \u00f8nsker \u00e5 ta med familiens beste venn p\u00e5 sykkelferie, har vi utviklet en egen kategori av sykkelpakker som heter Pet Friendly. Det betyr at det er tilgang til spesielle rom for deg som \u00f8nsker \u00e5 ta med hunden. Det er viktig \u00e5 si fra om at du \u00f8nsker \u00e5 ta med hunden n\u00e5r du bestiller, og du betaler vanligvis et lite tillegg. Her finner du&nbsp;<a href=\"https:\/\/norwaybybike.com\/bicycle-tours\/?_sft_type=pet-friendly&amp;_sfm_nights=2+8&amp;_sfm_distance=80+450\">Sykkelpakke for dyreelskere<\/a>.<\/p>\n\n\n\n<h3 class=\"wp-block-heading\">Lei en sykkel<\/h3>\n\n\n\n<p>Det er alltid mulig \u00e5 leie sykkel n\u00e5r du bestiller en sykkelpakke via Norway by Bike. Noen ganger er det ogs\u00e5 tilgang til barnesykler, elsykler og sykkelvogner. Pris og utvalg av sykler varierer, og du f\u00e5r all informasjon om dette fra turoperat\u00f8ren i forbindelse med bestillingen.<\/p>\n\n\n\n<h3 class=\"wp-block-heading\">Emballasje<\/h3>\n\n\n\n<p>N\u00e5r du skal p\u00e5 sykkelferie, m\u00e5 du tenke gjennom pakkingen og planlegge hva du skal ha med deg p\u00e5 turen. Kl\u00e6r for ulike typer v\u00e6r, litt vekslende og avhengig av \u00e5rstid og turens varighet. Avhengig av om du velger \u00e5 bo i telt eller p\u00e5 et komfortabelt hotell, bed &amp; breakfast eller vandrerhjem, m\u00e5 du ta med deg forskjellige ting.<\/p>\n\n\n\n<p>Unng\u00e5 \u00e5 sykle rundt med en tung ryggsekk, pakk den s\u00e5 lett du kan. Det er ogs\u00e5 viktig \u00e5 fordele pakningen jevnt foran\/bak og p\u00e5 venstre\/h\u00f8yre side, det blir lettere.<\/p>\n\n\n\n<h3 class=\"wp-block-heading\">Punktering<\/h3>\n\n\n\n<p>Det er ikke morsomt \u00e5 punktere, men det er ikke veldig vanskelig \u00e5 fikse selv. Du b\u00f8r ta med deg noen enkle ting p\u00e5 sykkelturen.<\/p>\n\n\n\n<h3 class=\"wp-block-heading\">Regnv\u00e6r<\/h3>\n\n\n\n<p>Det er ikke g\u00f8y med styrtregn, men selv om v\u00e6ret er litt varierende, blir sykkelferien en flott opplevelse avhengig av hvordan du planlegger turen og hvordan du velger \u00e5 overnatte. Etter en dag med sykling i lett duskregn nyter du virkelig en god middag i gode venners lag foran peisen p\u00e5 et koselig bed &amp; breakfast, eller avslutter kvelden i en vedfyrt badstue eller boblebad under en vakker stjernehimmel. Deretter sover du godt, helst i en seng med glatte, nystr\u00f8kne laken.<\/p>","protected":false},"excerpt":{"rendered":"<p>A-Z with answers to frequently asked questions. Please contact us about how we can improve the information, or if you are wondering something. You reach us via email info@norwaybybike.com or telephone\u00a0+46 (0)8-640 96 56. Bicycle Friendly Accommodation For those who are out cycling, it makes it easier to stay overnight in a bicycle-friendly accommodation. Our&nbsp;bike-friendly [&hellip;]<\/p>\n","protected":false},"author":1,"featured_media":0,"parent":0,"menu_order":0,"comment_status":"closed","ping_status":"closed","template":"","meta":{"_acf_changed":false,"_relevanssi_hide_post":"","_relevanssi_pin_for_all":"","_relevanssi_pin_keywords":"","_relevanssi_unpin_keywords":"","_relevanssi_related_keywords":"","_relevanssi_related_include_ids":"","_relevanssi_related_exclude_ids":"","_relevanssi_related_no_append":"","_relevanssi_related_not_related":"","_relevanssi_related_posts":"411,405","footnotes":""},"class_list":["post-446","page","type-page","status-publish","hentry"],"acf":[],"_links":{"self":[{"href":"https:\/\/norwaybybike.com\/no\/wp-json\/wp\/v2\/pages\/446","targetHints":{"allow":["GET"]}}],"collection":[{"href":"https:\/\/norwaybybike.com\/no\/wp-json\/wp\/v2\/pages"}],"about":[{"href":"https:\/\/norwaybybike.com\/no\/wp-json\/wp\/v2\/types\/page"}],"author":[{"embeddable":true,"href":"https:\/\/norwaybybike.com\/no\/wp-json\/wp\/v2\/users\/1"}],"replies":[{"embeddable":true,"href":"https:\/\/norwaybybike.com\/no\/wp-json\/wp\/v2\/comments?post=446"}],"version-history":[{"count":6,"href":"https:\/\/norwaybybike.com\/no\/wp-json\/wp\/v2\/pages\/446\/revisions"}],"predecessor-version":[{"id":4015,"href":"https:\/\/norwaybybike.com\/no\/wp-json\/wp\/v2\/pages\/446\/revisions\/4015"}],"wp:attachment":[{"href":"https:\/\/norwaybybike.com\/no\/wp-json\/wp\/v2\/media?parent=446"}],"curies":[{"name":"wp","href":"https:\/\/api.w.org\/{rel}","templated":true}]}}