{"id":453,"date":"2022-05-23T11:30:40","date_gmt":"2022-05-23T11:30:40","guid":{"rendered":"https:\/\/norwaybybike.com\/?page_id=453"},"modified":"2024-03-13T21:02:39","modified_gmt":"2024-03-13T21:02:39","slug":"bicycle-tour-booking-faq","status":"publish","type":"page","link":"https:\/\/norwaybybike.com\/no\/bicycle-tour-booking-faq\/","title":{"rendered":"Ofte stilte sp\u00f8rsm\u00e5l om bestilling av sykkelturer"},"content":{"rendered":"<p>Lurer du p\u00e5 hvordan du bestiller en sykkeltur i Norge? Vi har svaret p\u00e5 alt du lurer p\u00e5! Denne FAQ-en for bestilling av sykkelturer svarer p\u00e5 alle sp\u00f8rsm\u00e5l du m\u00e5tte ha om bestillingsprosessen, fra foresp\u00f8rsel til endelig bekreftelse.<\/p>\n\n\n\n<h2 class=\"wp-block-heading\">Hva skjer n\u00e5r jeg sender en bestillingsforesp\u00f8rsel?<\/h2>\n\n\n\n<p>N\u00e5r du har fylt ut skjemaet og klikket p\u00e5 \"send\"-knappen, sendes en foresp\u00f8rsel til arrang\u00f8ren av sykkelpakken. Du vil deretter bli kontaktet av reisearrang\u00f8ren innen 24 timer med svar om tilgjengelighet og endelig pris. Du kan deretter akseptere eller avsl\u00e5 bestillingen.<\/p>\n\n\n\n<h2 class=\"wp-block-heading\">Hva gj\u00f8r jeg hvis jeg har sp\u00f8rsm\u00e5l f\u00f8r jeg vil bestille?<\/h2>\n\n\n\n<p>Hvis du har sp\u00f8rsm\u00e5l om sykkelturen eller bestillingen, er du alltid velkommen til \u00e5 kontakte oss, s\u00e5 hjelper vi deg. Du kan ogs\u00e5 fylle ut sp\u00f8rsm\u00e5lene dine i feltet \"Annet\" n\u00e5r du bestiller. Siden du ikke forplikter deg til bestillingen f\u00f8r du har akseptert svaret fra arrang\u00f8ren av sykkelturen, er det i de fleste tilfeller enklest \u00e5 starte med \u00e5 sende en foresp\u00f8rsel.<\/p>\n\n\n\n<h2 class=\"wp-block-heading\">Det har g\u00e5tt mer enn 24 timer siden jeg sendte foresp\u00f8rselen min, og jeg har ikke f\u00e5tt noe svar. Hva skal jeg gj\u00f8re?<\/h2>\n\n\n\n<p>Send oss en e-post med bestillingsnummeret du har mottatt, s\u00e5 hjelper vi deg. Dobbeltsjekk ogs\u00e5 gjerne s\u00f8ppelposten din slik at e-posten ikke har havnet der. Vi f\u00f8lger kontinuerlig opp alle bestillinger og jobber for at alt skal g\u00e5 s\u00e5 smidig og raskt som mulig.<\/p>\n\n\n\n<h2 class=\"wp-block-heading\">Hva gj\u00f8r jeg hvis jeg \u00f8nsker \u00e5 avbestille en bestilling?<\/h2>\n\n\n\n<p>S\u00e5 lenge du ikke har akseptert arrang\u00f8rens svar p\u00e5 bestillingsforesp\u00f8rselen din, kan du n\u00e5r som helst avbestille. Send en melding til arrang\u00f8ren eller til oss p\u00e5 <a href=\"mailto:info@norwaybybike.com\">info@norwaybybike.com<\/a> med bestillingsnummeret ditt, s\u00e5 s\u00f8rger vi for at bestillingen avbestilles. Hvis du allerede har akseptert arrang\u00f8rens svar, anses bestillingen som bekreftet. Hva som gjelder deretter, er forskjellig fra sykkeltur til sykkeltur. I de fleste tilfeller er det gratis \u00e5 avbestille inntil et visst antall dager f\u00f8r avreise. Tettere p\u00e5 kan det p\u00e5l\u00f8pe et avbestillingsgebyr. N\u00f8yaktig hvilke regler som gjelder for din bestilling, st\u00e5r p\u00e5 siden for den sykkelturen du har bestilt. Hvis du ikke finner ut hva som gjelder, er du alltid velkommen til \u00e5 kontakte oss p\u00e5 norwaybybike.com, s\u00e5 hjelper vi deg.<\/p>\n\n\n\n<h2 class=\"wp-block-heading\">Hva skjer hvis jeg ikke svarer p\u00e5 arrang\u00f8rens bekreftelse?<\/h2>\n\n\n\n<p>Hvis arrang\u00f8ren har kommet tilbake til deg etter at du har sendt foresp\u00f8rselen din, forventer arrang\u00f8ren at du enten aksepterer eller avsl\u00e5r bestillingen. Hvis du ikke svarer i det hele tatt, kan arrang\u00f8ren ikke v\u00e6re sikker p\u00e5 at du \u00f8nsker \u00e5 fullf\u00f8re bestillingen, og den vil da bli frigitt og tilgjengelig for noen andre.<\/p>\n\n\n\n<h2 class=\"wp-block-heading\">Hvordan betaler jeg?<\/h2>\n\n\n\n<p>Betalingen skjer direkte til arrang\u00f8ren av den aktuelle sykkelpakken og varierer fra sykkelpakke til sykkelpakke. Du vil motta detaljert informasjon om hvordan du betaler i forbindelse med bekreftelsen av bestillingen.<\/p>\n\n\n\n<h2 class=\"wp-block-heading\">Blir det ikke dyrere \u00e5 bestille gjennom dere enn \u00e5 bestille direkte hos arrang\u00f8ren?<\/h2>\n\n\n\n<p>V\u00e5r forretningsmodell er basert p\u00e5 provisjon for \u00e5 arrangere sykkelturer. Det betyr at verken vi eller arrang\u00f8ren tar noe ekstra gebyr fra kunden fordi bestillingen g\u00e5r gjennom oss. Prisen er derfor den samme som hvis du bestiller direkte hos arrang\u00f8ren.<\/p>\n\n\n\n<p>V\u00e5rt m\u00e5l er \u00e5 vokse som selskap og i den forbindelse utvikle norsk sykkelturisme. Det er takket v\u00e6re provisjonen vi mottar fra reiseselskapene at vi har mulighet til \u00e5 videreutvikle plattformen v\u00e5r og markedsf\u00f8re alle sykkelturene sammen med arrang\u00f8rene. Uten provisjonen vi mottar, ville vi ikke eksistert, s\u00e5 takk igjen for at du bestiller gjennom oss!<\/p>","protected":false},"excerpt":{"rendered":"<p>Wondering how booking a bicycle tour in Norway works? We&#8217;ve got you covered! This Bicycle Tour Booking FAQ answers all your questions about the booking process, from sending inquiries to final confirmations. What happens when I send a booking request? When you have filled in the form and clicked on the &#8220;send&#8221; button, a request [&hellip;]<\/p>\n","protected":false},"author":1,"featured_media":0,"parent":0,"menu_order":0,"comment_status":"closed","ping_status":"closed","template":"","meta":{"_acf_changed":false,"_relevanssi_hide_post":"","_relevanssi_pin_for_all":"","_relevanssi_pin_keywords":"","_relevanssi_unpin_keywords":"","_relevanssi_related_keywords":"","_relevanssi_related_include_ids":"","_relevanssi_related_exclude_ids":"","_relevanssi_related_no_append":"","_relevanssi_related_not_related":"","_relevanssi_related_posts":"405,411","footnotes":""},"class_list":["post-453","page","type-page","status-publish","hentry"],"acf":[],"_links":{"self":[{"href":"https:\/\/norwaybybike.com\/no\/wp-json\/wp\/v2\/pages\/453","targetHints":{"allow":["GET"]}}],"collection":[{"href":"https:\/\/norwaybybike.com\/no\/wp-json\/wp\/v2\/pages"}],"about":[{"href":"https:\/\/norwaybybike.com\/no\/wp-json\/wp\/v2\/types\/page"}],"author":[{"embeddable":true,"href":"https:\/\/norwaybybike.com\/no\/wp-json\/wp\/v2\/users\/1"}],"replies":[{"embeddable":true,"href":"https:\/\/norwaybybike.com\/no\/wp-json\/wp\/v2\/comments?post=453"}],"version-history":[{"count":4,"href":"https:\/\/norwaybybike.com\/no\/wp-json\/wp\/v2\/pages\/453\/revisions"}],"predecessor-version":[{"id":2288,"href":"https:\/\/norwaybybike.com\/no\/wp-json\/wp\/v2\/pages\/453\/revisions\/2288"}],"wp:attachment":[{"href":"https:\/\/norwaybybike.com\/no\/wp-json\/wp\/v2\/media?parent=453"}],"curies":[{"name":"wp","href":"https:\/\/api.w.org\/{rel}","templated":true}]}}