{"id":458,"date":"2022-05-23T11:36:56","date_gmt":"2022-05-23T11:36:56","guid":{"rendered":"https:\/\/norwaybybike.com\/?page_id=458"},"modified":"2024-03-13T21:29:41","modified_gmt":"2024-03-13T21:29:41","slug":"bicycle-tours-for-groups","status":"publish","type":"page","link":"https:\/\/norwaybybike.com\/no\/bicycle-tours-for-groups\/","title":{"rendered":"Sykkelturer for grupper"},"content":{"rendered":"<p><strong>\u00d8nsker du \u00e5 utforske Norges fantastiske landskap sammen?<\/strong> <strong>Enten dere er et forretningsteam, treningskamerater eller en skoleklasse, er sykkelturer for grupper en unik m\u00e5te \u00e5 knytte b\u00e5nd og skape varige minner p\u00e5.<\/strong><\/p>\n\n\n\n<p>Vi er spesialister p\u00e5 \u00e5 hjelpe grupper med \u00e5 finne den perfekte sykkelopplevelsen i Norge. Vi samarbeider med anerkjente turoperat\u00f8rer som tilbyr ulike reiseruter, fra <strong>naturskj\u00f8nne dagsturer<\/strong> til <strong>flerdagersopplevelser<\/strong> for ulike ferdighetsniv\u00e5er og interesser.<\/p>\n\n\n\n<p><strong>Slik kan vi hjelpe deg:<\/strong><\/p>\n\n\n\n<ul class=\"wp-block-list\">\n<li><strong>Matche deg med den ideelle turoperat\u00f8ren:<\/strong>&nbsp;Basert p\u00e5 gruppest\u00f8rrelse, \u00f8nsket region, treningsniv\u00e5 og interesser.<\/li>\n\n\n\n<li><strong>Bist\u00e5 i bestillingsprosessen:<\/strong>&nbsp;Effektivisere kommunikasjonen og sikre en smidig opplevelse.<\/li>\n\n\n\n<li><strong>Gi veiledning om justeringer:<\/strong>&nbsp;Vi kan hjelpe deg med \u00e5 skreddersy den pakken du har valgt, slik at den passer best mulig til dine spesifikke behov.<\/li>\n<\/ul>\n\n\n\n<p><strong>Erfarne og kunnskapsrike guider:<\/strong> V\u00e5re samarbeidspartnere s\u00f8rger for en trygg og hyggelig opplevelse for alle.<\/p>\n\n\n\n<ul class=\"wp-block-list\">\n<li><strong>Stort utvalg av turer og steder:<\/strong>&nbsp;Utforsk ulike landskap, fra majestetiske fjorder til sjarmerende landsbyer.<\/li>\n\n\n\n<li><strong>Utleie av utstyr av topp kvalitet:<\/strong>&nbsp;Finn det n\u00f8dvendige utstyret gjennom v\u00e5re samarbeidspartnere.<\/li>\n<\/ul>\n\n\n\n<p><strong>Er du klar til \u00e5 ta fatt p\u00e5 gruppesykkeleventyret ditt?<\/strong><\/p>\n\n\n\n<p><strong>Kontakt oss i dag!<\/strong><\/p>\n\n\n\n<p><strong>Det er bare \u00e5 fortelle oss det:<\/strong><\/p>\n\n\n\n<ul class=\"wp-block-list\">\n<li>Antall deltakere.<\/li>\n\n\n\n<li>Din foretrukne region i Norge.<\/li>\n\n\n\n<li>Spesifikke interesser eller \u00f8nskede aktiviteter.<\/li>\n<\/ul>\n\n\n\n<p><strong>Vi setter deg i kontakt med den perfekte turoperat\u00f8ren for \u00e5 utforme en skreddersydd sykkelreisepakke som overg\u00e5r forventningene dine.<\/strong><\/p>\n\n\n\n<p>Send en e-post til <a href=\"mailto:info@norwaybybike.com\">info@norwaybybike.com<\/a> s\u00e5 hjelper vi deg!<\/p>","protected":false},"excerpt":{"rendered":"<p>Looking to explore Norway&#8217;s breathtaking landscapes together? Whether you&#8217;re a business team, training buddies, or a school class, bicycle tours for groups offer a unique way to connect and create lasting memories. We specialize in helping groups find the perfect cycling experience in Norway. We partner with reputable tour operators offering diverse itineraries, from scenic [&hellip;]<\/p>\n","protected":false},"author":1,"featured_media":0,"parent":0,"menu_order":0,"comment_status":"closed","ping_status":"closed","template":"","meta":{"_acf_changed":false,"_relevanssi_hide_post":"","_relevanssi_pin_for_all":"","_relevanssi_pin_keywords":"","_relevanssi_unpin_keywords":"","_relevanssi_related_keywords":"","_relevanssi_related_include_ids":"","_relevanssi_related_exclude_ids":"","_relevanssi_related_no_append":"","_relevanssi_related_not_related":"","_relevanssi_related_posts":"411,405","footnotes":""},"class_list":["post-458","page","type-page","status-publish","hentry"],"acf":[],"_links":{"self":[{"href":"https:\/\/norwaybybike.com\/no\/wp-json\/wp\/v2\/pages\/458","targetHints":{"allow":["GET"]}}],"collection":[{"href":"https:\/\/norwaybybike.com\/no\/wp-json\/wp\/v2\/pages"}],"about":[{"href":"https:\/\/norwaybybike.com\/no\/wp-json\/wp\/v2\/types\/page"}],"author":[{"embeddable":true,"href":"https:\/\/norwaybybike.com\/no\/wp-json\/wp\/v2\/users\/1"}],"replies":[{"embeddable":true,"href":"https:\/\/norwaybybike.com\/no\/wp-json\/wp\/v2\/comments?post=458"}],"version-history":[{"count":3,"href":"https:\/\/norwaybybike.com\/no\/wp-json\/wp\/v2\/pages\/458\/revisions"}],"predecessor-version":[{"id":2291,"href":"https:\/\/norwaybybike.com\/no\/wp-json\/wp\/v2\/pages\/458\/revisions\/2291"}],"wp:attachment":[{"href":"https:\/\/norwaybybike.com\/no\/wp-json\/wp\/v2\/media?parent=458"}],"curies":[{"name":"wp","href":"https:\/\/api.w.org\/{rel}","templated":true}]}}