{"id":47,"date":"2021-09-20T18:36:11","date_gmt":"2021-09-20T18:36:11","guid":{"rendered":"https:\/\/local-norwaybybike.com\/?page_id=47"},"modified":"2026-01-21T08:35:57","modified_gmt":"2026-01-21T08:35:57","slug":"terms-of-service","status":"publish","type":"page","link":"https:\/\/norwaybybike.com\/no\/terms-and-privacy\/terms-of-service\/","title":{"rendered":"Vilk\u00e5r for bruk"},"content":{"rendered":"<p>Gyldig fra 25. mai 2018.<\/p>\n\n\n\n<p>Disse bruksvilk\u00e5rene gjelder for s\u00f8keverkt\u00f8yene (s\u00f8ketjenestene) p\u00e5 nettstedet norwaybybike.com. Du godtar disse bruksvilk\u00e5rene ved \u00e5 bruke s\u00f8ketjenestene. Virksomheten for <meta charset=\"utf-8\">&lt;\/metanorwaybybike.com drives av Norway by Bike AS (org. nr. 933 401 901).<\/p>\n\n\n\n<h2 class=\"wp-block-heading\">Om nettstedet norwaybybike.com<\/h2>\n\n\n\n<p>norwaybybike.com er et nettsted der du kan finne ulike sykkel- og reisetilbud i Norge. Vi selger ikke reiser, men formidler i stedet kontakten mellom deg som planlegger \u00e5 reise og reiseselskapene. Vi er derfor ikke et tradisjonelt reiseselskap, og s\u00f8ketjenestene er gratis for deg som bes\u00f8kende. Alle eventuelle bestillinger vedr\u00f8rende reiseselskapenes produkter og tjenester m\u00e5 gj\u00f8res direkte til de respektive reiseselskapene, via reiseselskapets egen nettside eller via en annen bestillingstjeneste. Norway by Bike har ikke noe ansvar for bestillinger eller bruk av produktene som tilbys av Reiseselskapene. Se videre under punkt 1. Ansvar som nedenfor.<\/p>\n\n\n\n<h3 class=\"wp-block-heading\">1. Ansvar<\/h3>\n\n\n\n<p>Norway by Bike gir oppdatert informasjon om <meta charset=\"utf-8\">norwaybybike.com om reiseselskapenes produkter og tjenester. Vi bestreber oss p\u00e5 \u00e5 ha s\u00e5 oppdatert informasjon som mulig om priser og produkter, men kan ikke garantere at informasjonen er korrekt og p\u00e5tar oss heller ikke ansvar for eventuelle tap, kostnader eller skader som kan oppst\u00e5 ved bruk av denne tjenesten. Norway by Bike har ikke noe ansvar for informasjon om reiseselskapets produkter og tjenester eller informasjon som er publisert p\u00e5 det respektive reiseselskapets nettside eller p\u00e5 en annen nettside med en lenke til eller fra <meta charset=\"utf-8\">norwaybybike.com. Norway by Bike har heller ikke noe ansvar for bestillinger eller bruk av produktene som tilbys av Reiseselskapene. Det er reiseselskapet som er ansvarlig for alle eventuelle kundeforhold mellom deg og reiseselskapet som oppst\u00e5r som f\u00f8lge av din bruk av s\u00f8ketjenestene. Reiseselskapene er for eksempel ansvarlige for det som f\u00f8lger av pakkereiseloven (1992:1672) og reisegarantiloven (1972:204).<\/p>\n\n\n\n<h3 class=\"wp-block-heading\">2. Rettigheter<\/h3>\n\n\n\n<p>Alle immaterielle rettigheter knyttet til norwaybybike.com, inkludert, men ikke begrenset til kart, GPX-filer, tekster, bilder og nettstedets layout, eies av Norway by Bike og, der det er aktuelt, av det respektive reiseselskapet. Materialet kan kun brukes til private, ikke-kommersielle form\u00e5l. Det er ikke tillatt \u00e5 reprodusere, kopiere, distribuere, publisere, integrere i andre nettbaserte tjenester eller p\u00e5 annen m\u00e5te gj\u00f8re materialet tilgjengelig for allmennheten uten uttrykkelig skriftlig samtykke fra Norway by Bike.<\/p>\n\n\n\n<h3 class=\"wp-block-heading\">3. Sikkerhet og personvern<\/h3>\n\n\n\n<p>For \u00e5 kunne komme i kontakt med reiseselskapet gjennom v\u00e5r s\u00f8ketjeneste trenger vi opplysninger om navn, adresse, e-post og telefonnummer. Denne informasjonen brukes kun av Norway by Bike og det aktuelle reiseselskapet.<\/p>\n\n\n\n<p>N\u00e5r du som kunde benytter s\u00f8ketjenesten, samtykker du til at dine opplysninger lagres for \u00e5 kunne behandle din bestilling, gjennomf\u00f8re kj\u00f8pet, tilrettelegge for fremtidige kj\u00f8p og sende ut tilbud fra Norway by Bike. Du kan n\u00e5r som helst trekke tilbake ditt samtykke til \u00e5 motta tilbud.<\/p>\n\n\n\n<p>Personopplysningene du oppgir lagres og behandles av Norway by Bike AS i henhold til personopplysningsloven og EUs personvernforordning (GDPR). Vi lagrer ikke opplysningene dine lenger enn n\u00f8dvendig, og vi vil aldri selge personopplysningene dine til tredjeparter.<\/p>\n\n\n\n<p>Norway by Bike bruker informasjonskapsler (cookies) for \u00e5 tilpasse nettsidene til brukeren. Informasjonskapsler brukes p\u00e5 v\u00e5re nettsider kun for \u00e5 gj\u00f8re det enklere for deg som bruker. Hvis du ikke godtar bruk av informasjonskapsler, kan du endre innstillingene for dette i nettleseren din.\u00a0<a href=\"https:\/\/norwaybybike.com\/terms-and-privacy\/data-protection-and-privacy-policy\/\" target=\"_blank\" rel=\"noreferrer noopener\">Her kan du se<\/a> kan du lese mer om personvern og v\u00e5r personvernerkl\u00e6ring for eksterne kontakter.<\/p>\n\n\n\n<h3 class=\"wp-block-heading\">4. Anmeldelser<\/h3>\n\n\n\n<p>Ved \u00e5 sende inn anmeldelser p\u00e5 <meta charset=\"utf-8\">norwaybybike.com gir du samtidig Norway by Bike rett til \u00e5 publisere dem p\u00e5 <meta charset=\"utf-8\">norwaybybike.com samt i andre kanaler og medier. Omtaler som er relatert til noe annet enn det spesifikke produktet eller tjenesten, publiseres ikke. Det gj\u00f8r heller ikke anmeldelser som kan oppfattes som st\u00f8tende eller som bruker et spr\u00e5k som ikke er passende.<\/p>\n\n\n\n<h3 class=\"wp-block-heading\">5. Endrede forhold<\/h3>\n\n\n\n<p>Disse vilk\u00e5rene og betingelsene kan endres uten forbehold, og vi vil da publisere de nye vilk\u00e5rene p\u00e5 <meta charset=\"utf-8\">norwaybybike.com. De endrede vilk\u00e5rene vil gjelde for nye brukere fra den datoen de publiseres p\u00e5 nettstedet. Vi anbefaler at du som bruker regelmessig sjekker denne siden.<\/p>","protected":false},"excerpt":{"rendered":"<p>Valid from May 25, 2018. These Terms of Use apply to the search tools (Search Services) provided on the norwaybybike.com website. You agree to these Terms of Use by using the Search Services. The business for norwaybybike.com is run by Norway by Bike AS (org. nr. \u00a0933 401 901). About the site norwaybybike.com norwaybybike.com is [&hellip;]<\/p>\n","protected":false},"author":1,"featured_media":0,"parent":43,"menu_order":0,"comment_status":"closed","ping_status":"closed","template":"","meta":{"_acf_changed":false,"_relevanssi_hide_post":"","_relevanssi_pin_for_all":"","_relevanssi_pin_keywords":"","_relevanssi_unpin_keywords":"","_relevanssi_related_keywords":"","_relevanssi_related_include_ids":"","_relevanssi_related_exclude_ids":"","_relevanssi_related_no_append":"","_relevanssi_related_not_related":"","_relevanssi_related_posts":"1","footnotes":""},"class_list":["post-47","page","type-page","status-publish","hentry"],"acf":[],"_links":{"self":[{"href":"https:\/\/norwaybybike.com\/no\/wp-json\/wp\/v2\/pages\/47","targetHints":{"allow":["GET"]}}],"collection":[{"href":"https:\/\/norwaybybike.com\/no\/wp-json\/wp\/v2\/pages"}],"about":[{"href":"https:\/\/norwaybybike.com\/no\/wp-json\/wp\/v2\/types\/page"}],"author":[{"embeddable":true,"href":"https:\/\/norwaybybike.com\/no\/wp-json\/wp\/v2\/users\/1"}],"replies":[{"embeddable":true,"href":"https:\/\/norwaybybike.com\/no\/wp-json\/wp\/v2\/comments?post=47"}],"version-history":[{"count":7,"href":"https:\/\/norwaybybike.com\/no\/wp-json\/wp\/v2\/pages\/47\/revisions"}],"predecessor-version":[{"id":5415,"href":"https:\/\/norwaybybike.com\/no\/wp-json\/wp\/v2\/pages\/47\/revisions\/5415"}],"up":[{"embeddable":true,"href":"https:\/\/norwaybybike.com\/no\/wp-json\/wp\/v2\/pages\/43"}],"wp:attachment":[{"href":"https:\/\/norwaybybike.com\/no\/wp-json\/wp\/v2\/media?parent=47"}],"curies":[{"name":"wp","href":"https:\/\/api.w.org\/{rel}","templated":true}]}}