{"id":4724,"date":"2025-09-04T06:34:52","date_gmt":"2025-09-04T06:34:52","guid":{"rendered":"https:\/\/norwaybybike.com\/?page_id=4724"},"modified":"2025-10-15T13:17:21","modified_gmt":"2025-10-15T13:17:21","slug":"conditions-for-supporting-membership","status":"publish","type":"page","link":"https:\/\/norwaybybike.com\/no\/terms-and-privacy\/conditions-for-supporting-membership\/","title":{"rendered":"Betingelser for st\u00f8ttemedlemskap"},"content":{"rendered":"<p>St\u00f8ttemedlemskap er et l\u00f8pende abonnement som fornyes automatisk hvert \u00e5r til den prisen som gjelder p\u00e5 kj\u00f8pstidspunktet (for tiden 199 kr\/\u00e5r), inntil du velger \u00e5 si det opp. Prisendringer gjelder kun for nye abonnementer, med mindre annet er oppgitt og kommunisert.<\/p>\n\n\n\n<p>Du kan n\u00e5r som helst si opp supportmedlemskapet ditt via kontoen din p\u00e5 norwaybybike.com. Oppsigelsen m\u00e5 gj\u00f8res f\u00f8r starten av neste fornyelsesperiode for \u00e5 unng\u00e5 \u00e5 bli belastet for den nye perioden. Ingen refusjon vil bli gjort for p\u00e5begynte perioder.<\/p>\n\n\n\n<p>Ved f\u00f8rste kj\u00f8p f\u00e5r du umiddelbar tilgang til det digitale materialet som inng\u00e5r i medlemskapet. Ved \u00e5 fullf\u00f8re kj\u00f8pet samtykker du til umiddelbar levering og erkjenner at angreretten dermed opph\u00f8rer i henhold til angrerettloven \u00a7 22 bokstav n.<\/p>\n\n\n\n<p>Betaling skjer via betalingsm\u00e5tene som er angitt i kassen. Ved automatisk fornyelse trekkes bel\u00f8pet fra samme betalingsm\u00e5te som ble brukt ved det opprinnelige kj\u00f8pet, med mindre betalingsm\u00e5ten endres f\u00f8r fornyelsesdatoen.<\/p>\n\n\n\n<p>Hvis prisen p\u00e5 eksisterende abonnementer endres, vil du bli varslet minst 30 dager f\u00f8r neste fornyelse finner sted, via e-post til adressen som er registrert p\u00e5 kontoen din.<\/p>\n\n\n\n<p><strong>Opplastede bilder<\/strong><\/p>\n\n\n\n<p>Som st\u00f8ttemedlem kan du laste opp dine egne bilder til norwaybybike.com. Ved \u00e5 gj\u00f8re dette bekrefter du at du eier rettighetene til bildene og gir Norway by Bike en ikke-eksklusiv, overf\u00f8rbar og evigvarende rett til \u00e5 bruke, publisere, redigere og vise dem i v\u00e5re kanaler uten kompensasjon - ogs\u00e5 etter at medlemskapet ditt er avsluttet.<\/p>\n\n\n\n<p>Du er ansvarlig for at bildene ikke krenker andres rettigheter eller inneholder upassende innhold. Norway by Bike forbeholder seg retten til \u00e5 fjerne alt materiale som bryter med disse vilk\u00e5rene.<\/p>\n\n\n\n<p>For bruk av kart, GPX-filer og annet innhold p\u00e5 norwaybybike.com, er v\u00e5r <a href=\"https:\/\/norwaybybike.com\/terms-and-privacy\/terms-of-service\/\">Generelle vilk\u00e5r for bruk<\/a> gjelder, s\u00e6rlig avsnitt 2 (Rettigheter).<\/p>","protected":false},"excerpt":{"rendered":"<p>Supporting Membership is an ongoing subscription that is automatically renewed each year at the price applicable at the time of purchase (currently NOK 199\/year), until you choose to cancel it. Price changes only apply to new subscriptions, unless otherwise stated and communicated. You can cancel your support membership at any time via your account on [&hellip;]<\/p>\n","protected":false},"author":2,"featured_media":0,"parent":43,"menu_order":0,"comment_status":"closed","ping_status":"closed","template":"","meta":{"_acf_changed":false,"_relevanssi_hide_post":"","_relevanssi_pin_for_all":"","_relevanssi_pin_keywords":"","_relevanssi_unpin_keywords":"","_relevanssi_related_keywords":"","_relevanssi_related_include_ids":"","_relevanssi_related_exclude_ids":"","_relevanssi_related_no_append":"","_relevanssi_related_not_related":"","_relevanssi_related_posts":"1249,2392,411,725,1058,611","footnotes":""},"class_list":["post-4724","page","type-page","status-publish","hentry"],"acf":[],"_links":{"self":[{"href":"https:\/\/norwaybybike.com\/no\/wp-json\/wp\/v2\/pages\/4724","targetHints":{"allow":["GET"]}}],"collection":[{"href":"https:\/\/norwaybybike.com\/no\/wp-json\/wp\/v2\/pages"}],"about":[{"href":"https:\/\/norwaybybike.com\/no\/wp-json\/wp\/v2\/types\/page"}],"author":[{"embeddable":true,"href":"https:\/\/norwaybybike.com\/no\/wp-json\/wp\/v2\/users\/2"}],"replies":[{"embeddable":true,"href":"https:\/\/norwaybybike.com\/no\/wp-json\/wp\/v2\/comments?post=4724"}],"version-history":[{"count":6,"href":"https:\/\/norwaybybike.com\/no\/wp-json\/wp\/v2\/pages\/4724\/revisions"}],"predecessor-version":[{"id":4953,"href":"https:\/\/norwaybybike.com\/no\/wp-json\/wp\/v2\/pages\/4724\/revisions\/4953"}],"up":[{"embeddable":true,"href":"https:\/\/norwaybybike.com\/no\/wp-json\/wp\/v2\/pages\/43"}],"wp:attachment":[{"href":"https:\/\/norwaybybike.com\/no\/wp-json\/wp\/v2\/media?parent=4724"}],"curies":[{"name":"wp","href":"https:\/\/api.w.org\/{rel}","templated":true}]}}