{"id":54,"date":"2021-09-20T18:46:25","date_gmt":"2021-09-20T18:46:25","guid":{"rendered":"https:\/\/local-norwaybybike.com\/?page_id=54"},"modified":"2026-01-20T12:57:02","modified_gmt":"2026-01-20T12:57:02","slug":"data-protection-and-privacy-policy","status":"publish","type":"page","link":"https:\/\/norwaybybike.com\/no\/terms-and-privacy\/data-protection-and-privacy-policy\/","title":{"rendered":"Retningslinjer for databeskyttelse og personvern"},"content":{"rendered":"<h2 class=\"wp-block-heading\">Om personvern hos Norway by Bike<\/h2>\n\n\n\n<p>Som kunde eller leverand\u00f8r til Norway by Bike skal du f\u00f8le deg trygg n\u00e5r du oppgir personopplysninger til oss. Derfor jobber vi kontinuerlig med ulike sikkerhetstiltak for \u00e5 beskytte personopplysningene vi er ansvarlige for.&nbsp;<a href=\"https:\/\/norwaybybike.com\/terms-and-privacy\/data-protection-and-privacy-policy\/policy-for-personal-data-in-external-contacts\/\">Her kan du se<\/a>&nbsp;Vi har samlet informasjon om hvordan vi behandler kunders og leverand\u00f8rers personopplysninger p\u00e5 en sikker m\u00e5te.<em>.<\/em><\/p>\n\n\n\n<p>Informasjonen gjelder v\u00e5r personvernerkl\u00e6ring for eksterne kontakter og h\u00e5ndtering av s\u00e5kalte cookies. Kontakt oss p\u00e5 <a href=\"mailto:info@norwaybybike.com\">info@norwaybybike.com<\/a> hvis du har sp\u00f8rsm\u00e5l om v\u00e5re retningslinjer eller personvern.<\/p>\n\n\n\n<p>Nettstedet norwaybybike.com drives av Norway by Bike AS.<\/p>\n\n\n\n<h2 class=\"wp-block-heading\">Regler for h\u00e5ndtering av personopplysninger<\/h2>\n\n\n\n<p>GDPR er en lovgivning som gjelder h\u00e5ndtering av personopplysninger. Den g\u00e5r under betegnelsen Data Protection Regulation og trer i kraft 25. mai 2018.<\/p>\n\n\n\n<p>Norway by Bike arbeider med sikker h\u00e5ndtering av personopplysninger p\u00e5 flere m\u00e5ter. N\u00e5r vi behandler personopplysninger f\u00f8lger vi en policy, vi har et personopplysningsregister og tekniske sikkerhetsl\u00f8sninger for \u00e5 beskytte personopplysningene.<\/p>","protected":false},"excerpt":{"rendered":"<p>Regarding data protection at Norway by Bike As a customer or supplier to Norway by Bike, you should feel secure when you submit your personal information to us. To that end, we are constantly working on various security measures to protect the personal data for which we are responsible.&nbsp;Here&nbsp;we have compiled information on how we [&hellip;]<\/p>\n","protected":false},"author":1,"featured_media":0,"parent":43,"menu_order":0,"comment_status":"closed","ping_status":"closed","template":"","meta":{"_acf_changed":false,"_relevanssi_hide_post":"","_relevanssi_pin_for_all":"","_relevanssi_pin_keywords":"","_relevanssi_unpin_keywords":"","_relevanssi_related_keywords":"","_relevanssi_related_include_ids":"","_relevanssi_related_exclude_ids":"","_relevanssi_related_no_append":"","_relevanssi_related_not_related":"","_relevanssi_related_posts":"1","footnotes":""},"class_list":["post-54","page","type-page","status-publish","hentry"],"acf":[],"_links":{"self":[{"href":"https:\/\/norwaybybike.com\/no\/wp-json\/wp\/v2\/pages\/54","targetHints":{"allow":["GET"]}}],"collection":[{"href":"https:\/\/norwaybybike.com\/no\/wp-json\/wp\/v2\/pages"}],"about":[{"href":"https:\/\/norwaybybike.com\/no\/wp-json\/wp\/v2\/types\/page"}],"author":[{"embeddable":true,"href":"https:\/\/norwaybybike.com\/no\/wp-json\/wp\/v2\/users\/1"}],"replies":[{"embeddable":true,"href":"https:\/\/norwaybybike.com\/no\/wp-json\/wp\/v2\/comments?post=54"}],"version-history":[{"count":5,"href":"https:\/\/norwaybybike.com\/no\/wp-json\/wp\/v2\/pages\/54\/revisions"}],"predecessor-version":[{"id":5411,"href":"https:\/\/norwaybybike.com\/no\/wp-json\/wp\/v2\/pages\/54\/revisions\/5411"}],"up":[{"embeddable":true,"href":"https:\/\/norwaybybike.com\/no\/wp-json\/wp\/v2\/pages\/43"}],"wp:attachment":[{"href":"https:\/\/norwaybybike.com\/no\/wp-json\/wp\/v2\/media?parent=54"}],"curies":[{"name":"wp","href":"https:\/\/api.w.org\/{rel}","templated":true}]}}