{"id":5403,"date":"2026-01-20T12:34:17","date_gmt":"2026-01-20T12:34:17","guid":{"rendered":"https:\/\/norwaybybike.com\/?page_id=5403"},"modified":"2026-01-20T12:52:06","modified_gmt":"2026-01-20T12:52:06","slug":"terms-for-purchase-and-delivery-for-the-online-store","status":"publish","type":"page","link":"https:\/\/norwaybybike.com\/no\/terms-and-privacy\/terms-for-purchase-and-delivery-for-the-online-store\/","title":{"rendered":"Vilk\u00e5r for kj\u00f8p og levering i nettbutikken"},"content":{"rendered":"<p>P\u00e5 denne nettsiden kan du bestille og betale for varer som digitale ruteguider, gavekort og praktisk sykkeltilbeh\u00f8r.<\/p>\n\n\n\n<p>Disse kj\u00f8ps- og leveringsvilk\u00e5rene gjelder for nettkj\u00f8p i\u00a0<a href=\"https:\/\/norwaybybike.com\/shop\/\">nettbutikk<\/a>\u00a0p\u00e5 norwaybybike.com. Virksomheten drives av Norway by Bike AS, Colbj\u00f8rnsens gate 12, 0256 Oslo.<\/p>\n\n\n\n<h2 class=\"wp-block-heading\">Priser<\/h2>\n\n\n\n<p>Via denne nettsiden kan du bestille og betale for varer som digitale ruteguider, gavekort og praktisk sykkeltilbeh\u00f8r. N\u00e5r kj\u00f8pet er gjennomf\u00f8rt, sendes en ordrebekreftelse til e-postadressen du har oppgitt. Vi ber deg kontrollere at all informasjon i ordrebekreftelsen er korrekt. Kontakt oss umiddelbart dersom du finner feil i bestillingen. Ettersom ordrebekreftelsen sendes ut automatisk uten manuell gjennomgang, forbeholder vi oss retten til \u00e5 kansellere \u00e5penbart feilaktige bestillinger.<\/p>\n\n\n\n<h2 class=\"wp-block-heading\">Betalingsvilk\u00e5r<\/h2>\n\n\n\n<p>Hvert produkt i nettbutikken er oppgitt i norske kroner (NOK) inkludert moms. I handlekurven kan du se totalprisen inkludert alle avgifter, moms og frakt.<\/p>\n\n\n\n<p>Betaling h\u00e5ndteres ved hjelp av Stripe. Betalingsmetoder som st\u00f8ttes er via <strong>umiddelbare<\/strong>\u00a0<strong>kortbetalinger<\/strong>\u00a0(MasterCard og VISA) eller via\u00a0<strong>Apple Pay\u00a0<\/strong>eller<strong>\u00a0Google Pay<\/strong>.<\/p>\n\n\n\n<h2 class=\"wp-block-heading\">Frakt og levering<\/h2>\n\n\n\n<h3 class=\"wp-block-heading\">Innenlands<\/h3>\n\n\n\n<p>Fraktpris for bestillinger med en total sum under 600 NOK er 69 NOK eks. mva. For bestillinger med et totalbel\u00f8p p\u00e5 over 600 NOK er frakten gratis. Leveringstiden innen Norge er normalt 2-3 virkedager, men kan i noen tilfeller v\u00e6re opp til ca. en uke avhengig av posttjenesten og at levering ikke skjer daglig i alle omr\u00e5der.<\/p>\n\n\n\n<h3 class=\"wp-block-heading\">Utenlands<\/h3>\n\n\n\n<p>Se tabellen nedenfor. Prisene er oppgitt eksklusiv merverdiavgift.<\/p>\n\n\n\n<p>Europa: 109 kroner<\/p>\n\n\n\n<p>Utenfor Europa: 135 kroner<\/p>\n\n\n\n<p>Leveringstiden utenfor Norge er normalt rundt \u00e9n uke, men kan noen ganger v\u00e6re rundt to uker, avhengig av destinasjon og lokal post- og tollbehandling.<\/p>\n\n\n\n<h2 class=\"wp-block-heading\">Retur<\/h2>\n\n\n\n<h3 class=\"wp-block-heading\">Fysiske produkter<\/h3>\n\n\n\n<p>I henhold til angrerettloven har du som kunde rett til \u00e5 angre kj\u00f8pet ditt innen 14 dager etter at du har mottatt varen. For \u00e5 benytte deg av angreretten m\u00e5 du innen angrefristens utl\u00f8p meddele at du \u00f8nsker \u00e5 angre kj\u00f8pet. Dette gj\u00f8r du ved \u00e5 kontakte oss via e-post\u00a0<a href=\"mailto:info@norwaybybike.com\" target=\"_blank\" rel=\"noreferrer noopener\">info@norwaybybike.com<\/a>\u00a0eller p\u00e5 telefon +46 (0)8 640 96 56.<\/p>\n\n\n\n<p>Eventuelle returer m\u00e5 sendes til Norway by Bike AS, Colbj\u00f8rnsensgt. 12, 0256 Oslo. Merk konvolutten med <em>Retur Webshop<\/em>. Varene m\u00e5 returneres i komplett og ubrukt stand. Fraktkostnader for retur refunderes ikke. En refusjon vil bli utstedt innen 14 dager etter at vi har mottatt og godkjent returen din.<\/p>\n\n\n\n<h3 class=\"wp-block-heading\">Digitale produkter<\/h3>\n\n\n\n<p>For digitale produkter som leveres umiddelbart (for eksempel nedlastbare PDF-ruteguider), gjelder ikke angreretten n\u00e5r du har samtykket til umiddelbar tilgang til innholdet.<\/p>\n\n\n\n<h2 class=\"wp-block-heading\">Personvern<\/h2>\n\n\n\n<p>N\u00e5r du gjennomf\u00f8rer et kj\u00f8p, samtykker du til at opplysningene dine lagres for \u00e5 behandle bestillingen din, gjennomf\u00f8re kj\u00f8pet, legge til rette for fremtidige kj\u00f8p og sende deg tilbud fra Norway by Bike. Du kan n\u00e5r som helst trekke tilbake ditt samtykke til \u00e5 motta tilbud.<\/p>\n\n\n\n<p>Personopplysningene du oppgir lagres og behandles av Norway by Bike AS i henhold til personopplysningsloven og EUs personvernforordning (GDPR). Vi lagrer ikke opplysningene dine lenger enn n\u00f8dvendig, og vi vil aldri selge personopplysningene dine til tredjeparter. Vi forbeholder oss retten til \u00e5 nekte kj\u00f8p.<\/p>\n\n\n\n<p>Norway by Bike bruker informasjonskapsler (cookies) for \u00e5 tilpasse nettsidene til brukeren. Informasjonskapsler brukes p\u00e5 v\u00e5re nettsider kun for \u00e5 gj\u00f8re det enklere for deg som bruker. Hvis du ikke godtar bruk av informasjonskapsler, kan du endre innstillingene for dette i nettleseren din.&nbsp;<a href=\"https:\/\/norwaybybike.com\/terms-and-privacy\/data-protection-and-privacy-policy\/\">Her kan du lese mer om personvern og v\u00e5r personvernerkl\u00e6ring<\/a>&nbsp;for eksterne kontakter.<\/p>\n\n\n\n<h2 class=\"wp-block-heading\">Kontakt<\/h2>\n\n\n\n<p>Hvis du har sp\u00f8rsm\u00e5l, er du velkommen til \u00e5 kontakte oss via e-post\u00a0<a href=\"mailto:info@norwaybybike.com\">info@norwaybybike.com<\/a>\u00a0eller p\u00e5 telefon +46 (0)8 640 96 56.<\/p>\n\n\n\n<p>Disse kj\u00f8ps- og leveringsbetingelsene gjelder fra 25. juni 2024.<\/p>","protected":false},"excerpt":{"rendered":"<p>On this website you can order and pay for items such as digital route guides, gift cards and useful bike accessories. These purchase and delivery terms apply to online purchases in\u00a0webshop\u00a0at norwaybybike.com. The business is conducted by Norway by Bike AS, Colbj\u00f8rnsens gate 12, 0256 Oslo. Prices Through this website you can order and pay [&hellip;]<\/p>\n","protected":false},"author":12,"featured_media":0,"parent":43,"menu_order":0,"comment_status":"closed","ping_status":"closed","template":"","meta":{"_acf_changed":false,"_relevanssi_hide_post":"","_relevanssi_pin_for_all":"","_relevanssi_pin_keywords":"","_relevanssi_unpin_keywords":"","_relevanssi_related_keywords":"","_relevanssi_related_include_ids":"","_relevanssi_related_exclude_ids":"","_relevanssi_related_no_append":"","_relevanssi_related_not_related":"","_relevanssi_related_posts":"2897,1249,411,2392,725,1904","footnotes":""},"class_list":["post-5403","page","type-page","status-publish","hentry"],"acf":[],"_links":{"self":[{"href":"https:\/\/norwaybybike.com\/no\/wp-json\/wp\/v2\/pages\/5403","targetHints":{"allow":["GET"]}}],"collection":[{"href":"https:\/\/norwaybybike.com\/no\/wp-json\/wp\/v2\/pages"}],"about":[{"href":"https:\/\/norwaybybike.com\/no\/wp-json\/wp\/v2\/types\/page"}],"author":[{"embeddable":true,"href":"https:\/\/norwaybybike.com\/no\/wp-json\/wp\/v2\/users\/12"}],"replies":[{"embeddable":true,"href":"https:\/\/norwaybybike.com\/no\/wp-json\/wp\/v2\/comments?post=5403"}],"version-history":[{"count":4,"href":"https:\/\/norwaybybike.com\/no\/wp-json\/wp\/v2\/pages\/5403\/revisions"}],"predecessor-version":[{"id":5409,"href":"https:\/\/norwaybybike.com\/no\/wp-json\/wp\/v2\/pages\/5403\/revisions\/5409"}],"up":[{"embeddable":true,"href":"https:\/\/norwaybybike.com\/no\/wp-json\/wp\/v2\/pages\/43"}],"wp:attachment":[{"href":"https:\/\/norwaybybike.com\/no\/wp-json\/wp\/v2\/media?parent=5403"}],"curies":[{"name":"wp","href":"https:\/\/api.w.org\/{rel}","templated":true}]}}