{"id":57,"date":"2021-09-20T18:50:45","date_gmt":"2021-09-20T18:50:45","guid":{"rendered":"https:\/\/local-norwaybybike.com\/?page_id=57"},"modified":"2022-05-25T08:16:29","modified_gmt":"2022-05-25T08:16:29","slug":"cookie-policy","status":"publish","type":"page","link":"https:\/\/norwaybybike.com\/no\/terms-and-privacy\/data-protection-and-privacy-policy\/cookie-policy\/","title":{"rendered":"Retningslinjer for informasjonskapsler"},"content":{"rendered":"<p>Norwaybybike.com bruker cookies for \u00e5 forbedre din opplevelse, for \u00e5 samle inn informasjon til v\u00e5r markedsf\u00f8ring og for \u00e5 kunne utvikle nettstedet og v\u00e5re tjenester.<\/p>\n\n\n\n<h2 class=\"wp-block-heading\">Hva er en informasjonskapsel?<\/h2>\n\n\n\n<p>Informasjonskapsler er sm\u00e5 tekstfiler som lagres i nettleseren din n\u00e5r du bes\u00f8ker bestemte nettsider. De brukes blant annet for \u00e5 muliggj\u00f8re funksjoner som h\u00e5ndtering av handlekurven, innlogging, hvilket spr\u00e5k som er valgt og for \u00e5 kunne f\u00f8re statistikk. Mange av disse funksjonene ville ikke fungert uten informasjonskapsler. Sweden by Bike bruker informasjonskapsler blant annet for \u00e5 kunne telle antall bes\u00f8kende p\u00e5 nettstedet.<\/p>\n\n\n\n<h2 class=\"wp-block-heading\">Hvordan brukes informasjonskapsler p\u00e5 norwaybybike.com?<\/h2>\n\n\n\n<p>Vi bruker informasjonskapsler for \u00e5 forbedre din opplevelse som bes\u00f8kende eller medlem, for \u00e5 samle inn informasjon til v\u00e5r markedsf\u00f8ring og for \u00e5 kunne utvikle nettstedet.<\/p>\n\n\n\n<h3 class=\"wp-block-heading\">Brukeropplevelse<\/h3>\n\n\n\n<p>P\u00e5 norwaybybike.com brukes informasjonskapsler som en del av kj\u00f8psflyten, blant annet for \u00e5 holde oversikt over hva som ligger i handlekurven, for \u00e5 huske visse valg som gj\u00f8res p\u00e5 nettstedet og for \u00e5 f\u00f8re statistikk over bes\u00f8kende. Vi bruker ogs\u00e5 informasjonskapsler for innloggede brukere for \u00e5 unng\u00e5 innlogging hver gang siden lastes inn p\u00e5 nytt. Informasjonskapsler brukes ogs\u00e5 for \u00e5 holde styr p\u00e5 valgt spr\u00e5k og for \u00e5 optimalisere hastigheten p\u00e5 nettstedet.<\/p>\n\n\n\n<h3 class=\"wp-block-heading\">Markedsf\u00f8ring<\/h3>\n\n\n\n<p>Vi bruker informasjonskapsler (cookies) for \u00e5 kunne tilpasse tilbud og annonsering p\u00e5 <meta charset=\"utf-8\">norwaybybike.com, uavhengig av om du har logget inn eller ikke. Slike informasjonskapsler kan f.eks. brukes til \u00e5 velge m\u00e5lgruppetilpassede annonser.<\/p>\n\n\n\n<h3 class=\"wp-block-heading\">Webutvikling<\/h3>\n\n\n\n<p>For bedre \u00e5 forst\u00e5 hvordan bes\u00f8kende bruker nettstedet v\u00e5rt, bruker vi informasjonskapsler til \u00e5 utarbeide anonym og aggregert webstatistikk. Det hjelper oss med \u00e5 forbedre deler og tjenester p\u00e5 nettstedet som vi merker er mer etterspurt.<\/p>\n\n\n\n<h2 class=\"wp-block-heading\">Hvilke ulike typer informasjonskapsler bruker vi?<\/h2>\n\n\n\n<h3 class=\"wp-block-heading\">\u00d8ktinformasjonskapsel<\/h3>\n\n\n\n<p>En \u00f8ktinformasjonskapsel lagres midlertidig i datamaskinens minne mens en bes\u00f8kende er inne p\u00e5 en nettside. Disse forsvinner s\u00e5 snart nettleseren lukkes. P\u00e5 norwaybybike.com brukes \u00f8ktinformasjonskapsler blant annet til \u00e5 holde oversikt over deler av handlekurven din.<\/p>\n\n\n\n<h3 class=\"wp-block-heading\">Vedvarende informasjonskapsel<\/h3>\n\n\n\n<p>En vedvarende informasjonskapsel har en spesifisert varighet, eller levetid, som bestemmer hvor lenge den lagres p\u00e5 datamaskinen eller mobilenheten din. Slike informasjonskapsler slettes automatisk s\u00e5 snart levetiden er utl\u00f8pt, eller til du sletter dem manuelt.<\/p>\n\n\n\n<h3 class=\"wp-block-heading\">Informasjonskapsel fra tredjepart<\/h3>\n\n\n\n<p>En tredjeparts informasjonskapsel er en informasjonskapsel der avsenderen kommer fra et annet domene enn det som brukeren bes\u00f8ker. Informasjonskapselen har dermed et domenenavn som avsender som skiller seg fra url-en som nettstedet har. Norway by Bike bruker tredjepartscookies i tilfeller der vi har leverand\u00f8rer som utf\u00f8rer tjenester for oss, for eksempel visse analysetjenester eller tjenester som lar deg dele sidene v\u00e5re p\u00e5 sosiale medier.<\/p>\n\n\n\n<h2 class=\"wp-block-heading\">Angi h\u00e5ndtering av informasjonskapsler i nettleseren din<\/h2>\n\n\n\n<p>Du har alltid mulighet til \u00e5 angi og endre hvordan du vil h\u00e5ndtere og lagre informasjonskapsler i nettleseren din. Dette kan enten gj\u00f8res generelt eller bare for visse informasjonskapsler. Hvis du velger \u00e5 ikke tillate bruk av informasjonskapsler fra <meta charset=\"utf-8\">norwaybybike.com eller noen av v\u00e5re andre nettsteder, kan det bety at visse tjenester ikke kan brukes eller at nettstedet ikke fungerer korrekt i alle henseender.<\/p>\n\n\n\n<h2 class=\"wp-block-heading\">Hvordan personopplysninger h\u00e5ndteres i informasjonskapsler<\/h2>\n\n\n\n<p>Det kan forekomme at Norway by Bike samler inn og h\u00e5ndterer visse personopplysninger ved hjelp av informasjonskapsler. Les mer om dette i l\u00f8pet av v\u00e5ren\u00a0<a href=\"https:\/\/swedenbybike.com\/en\/vara-villkor\/dataskydd-och-integritet\/?trp-edit-translation=preview\" target=\"_blank\" rel=\"noopener\">her<\/a>.<\/p>","protected":false},"excerpt":{"rendered":"<p>Norwaybybike.com use cookies to improve your experience, to collect information for our marketing and to be able to develop the website and our services. What is a cookie? Cookies are small text files that are saved in your browser when you visit certain web pages. They are used, among other things, to enable functions such [&hellip;]<\/p>\n","protected":false},"author":1,"featured_media":0,"parent":54,"menu_order":0,"comment_status":"closed","ping_status":"closed","template":"","meta":{"_acf_changed":false,"_relevanssi_hide_post":"","_relevanssi_pin_for_all":"","_relevanssi_pin_keywords":"","_relevanssi_unpin_keywords":"","_relevanssi_related_keywords":"","_relevanssi_related_include_ids":"","_relevanssi_related_exclude_ids":"","_relevanssi_related_no_append":"","_relevanssi_related_not_related":"","_relevanssi_related_posts":"1","footnotes":""},"class_list":["post-57","page","type-page","status-publish","hentry"],"acf":[],"_links":{"self":[{"href":"https:\/\/norwaybybike.com\/no\/wp-json\/wp\/v2\/pages\/57","targetHints":{"allow":["GET"]}}],"collection":[{"href":"https:\/\/norwaybybike.com\/no\/wp-json\/wp\/v2\/pages"}],"about":[{"href":"https:\/\/norwaybybike.com\/no\/wp-json\/wp\/v2\/types\/page"}],"author":[{"embeddable":true,"href":"https:\/\/norwaybybike.com\/no\/wp-json\/wp\/v2\/users\/1"}],"replies":[{"embeddable":true,"href":"https:\/\/norwaybybike.com\/no\/wp-json\/wp\/v2\/comments?post=57"}],"version-history":[{"count":4,"href":"https:\/\/norwaybybike.com\/no\/wp-json\/wp\/v2\/pages\/57\/revisions"}],"predecessor-version":[{"id":569,"href":"https:\/\/norwaybybike.com\/no\/wp-json\/wp\/v2\/pages\/57\/revisions\/569"}],"up":[{"embeddable":true,"href":"https:\/\/norwaybybike.com\/no\/wp-json\/wp\/v2\/pages\/54"}],"wp:attachment":[{"href":"https:\/\/norwaybybike.com\/no\/wp-json\/wp\/v2\/media?parent=57"}],"curies":[{"name":"wp","href":"https:\/\/api.w.org\/{rel}","templated":true}]}}