{"id":63,"date":"2021-09-20T19:02:59","date_gmt":"2021-09-20T19:02:59","guid":{"rendered":"https:\/\/local-norwaybybike.com\/?page_id=63"},"modified":"2026-03-13T16:10:04","modified_gmt":"2026-03-13T16:10:04","slug":"our-story","status":"publish","type":"page","link":"https:\/\/norwaybybike.com\/no\/our-story\/","title":{"rendered":"Om Norway by Bike"},"content":{"rendered":"<p>Norway by Bike AS driver en nasjonal digital plattform for sykkelturisme i Norge. Selskapet arbeider med \u00e5 utvikle, tilgjengeliggj\u00f8re og markedsf\u00f8re sykkelruter, sykkeldestinasjoner og sykkelopplevelser gjennom digitale kart, reiseinformasjon og bookbare sykkelpakker. Norway by Bike tilbyr ogs\u00e5 konsulenttjenester innen sykkelturisme, som for eksempel mulighetsstudier, utvikling av sykkelruter og sykkelomr\u00e5der, destinasjonsutvikling og prosjektledelse.&nbsp;<\/p>\n\n\n\n<p>Gjennom samarbeid med regioner, kommuner og lokale akt\u00f8rer bidrar selskapet til \u00e5 styrke b\u00e6rekraftig turisme og \u00f8ke tilgjengeligheten til sykling i hele landet. Norway by Bike arbeider ogs\u00e5 for \u00e5 styrke det nordiske samarbeidet innen sykkelturisme gjennom s\u00f8sterselskapet Sweden by Bike AB, med fokus p\u00e5 \u00e5 utvikle og markedsf\u00f8re sykling som en reisegrunn i Sverige.<\/p>\n\n\n\n<p>Vil du vite mer om oss? Ta kontakt med oss:<\/p>\n\n\n\n<p>E-post:&nbsp;<a href=\"mailto:info@norwaybybike.com\">info@norwaybybike.com<\/a><br>Telefon +46 (0)8 640 96 56<\/p>\n\n\n\n<p>Liv Jorstad Paulsen<br><a href=\"mailto:liv@norwaybybike.com\">liv@norwaybybike.com<\/a><\/p>\n\n\n\n<p>Katarina Bergstrand<br><a href=\"mailto:katarina@norwaybybike.com\">katarina@norwaybybike.com<\/a><\/p>\n\n\n\n<p>Ivan Glauser<br><a href=\"mailto:ivan@norwaybybike.com\">ivan@norwaybybike.com<\/a><\/p>","protected":false},"excerpt":{"rendered":"<p>Norway by Bike AS operates a national digital platform for cycle tourism in Norway. The company works to develop, make accessible and market cycle routes, cycle destinations and cycle experiences through digital maps, travel information and bookable cycle packages. Norway by Bike also offers consultancy services within cycle tourism, such as feasibility studies, development of [&hellip;]<\/p>\n","protected":false},"author":1,"featured_media":0,"parent":0,"menu_order":0,"comment_status":"closed","ping_status":"closed","template":"","meta":{"_acf_changed":false,"_relevanssi_hide_post":"","_relevanssi_pin_for_all":"","_relevanssi_pin_keywords":"","_relevanssi_unpin_keywords":"","_relevanssi_related_keywords":"","_relevanssi_related_include_ids":"","_relevanssi_related_exclude_ids":"","_relevanssi_related_no_append":"","_relevanssi_related_not_related":"","_relevanssi_related_posts":"1","footnotes":""},"class_list":["post-63","page","type-page","status-publish","hentry"],"acf":[],"_links":{"self":[{"href":"https:\/\/norwaybybike.com\/no\/wp-json\/wp\/v2\/pages\/63","targetHints":{"allow":["GET"]}}],"collection":[{"href":"https:\/\/norwaybybike.com\/no\/wp-json\/wp\/v2\/pages"}],"about":[{"href":"https:\/\/norwaybybike.com\/no\/wp-json\/wp\/v2\/types\/page"}],"author":[{"embeddable":true,"href":"https:\/\/norwaybybike.com\/no\/wp-json\/wp\/v2\/users\/1"}],"replies":[{"embeddable":true,"href":"https:\/\/norwaybybike.com\/no\/wp-json\/wp\/v2\/comments?post=63"}],"version-history":[{"count":11,"href":"https:\/\/norwaybybike.com\/no\/wp-json\/wp\/v2\/pages\/63\/revisions"}],"predecessor-version":[{"id":5672,"href":"https:\/\/norwaybybike.com\/no\/wp-json\/wp\/v2\/pages\/63\/revisions\/5672"}],"wp:attachment":[{"href":"https:\/\/norwaybybike.com\/no\/wp-json\/wp\/v2\/media?parent=63"}],"curies":[{"name":"wp","href":"https:\/\/api.w.org\/{rel}","templated":true}]}}