{"id":67,"date":"2021-09-20T19:09:01","date_gmt":"2021-09-20T19:09:01","guid":{"rendered":"https:\/\/local-norwaybybike.com\/?page_id=67"},"modified":"2026-02-24T14:04:41","modified_gmt":"2026-02-24T14:04:41","slug":"press-and-media","status":"publish","type":"page","link":"https:\/\/norwaybybike.com\/no\/press-and-media\/","title":{"rendered":"Presse og media"},"content":{"rendered":"<p>Bildematerialet p\u00e5 nettstedet v\u00e5rt eies vanligvis av et av reiseselskapene vi samarbeider med, og det er ikke tillatt \u00e5 bruke disse bildene uten \u00e5 innhente reiseselskapets skriftlige samtykke p\u00e5 forh\u00e5nd. Hvis du har sp\u00f8rsm\u00e5l om bildematerialet, er du velkommen til \u00e5 kontakte oss via e-post til <a href=\"mailto:info@norwaybybike.com\">info@norwaybybike.com<\/a>&nbsp;eller p\u00e5 telefon +46 8-640 96 56, s\u00e5 hjelper vi deg gjerne.<\/p>\n\n\n\n<p>Klikk p\u00e5 lenken nedenfor for \u00e5 laste ned en liggende og st\u00e5ende logopakke i RGB-format. Hvis du trenger CMYK eller et annet format, kan du sende oss en e-post med din foresp\u00f8rsel.<\/p>\n\n\n\n<div class=\"wp-block-file\"><a id=\"wp-block-file--media-687d9483-9e9f-41d8-84da-d54561aed9b6\" href=\"https:\/\/norwaybybike.com\/wordpress\/wp-content\/uploads\/2022\/05\/Norway-by-Bike-logo.zip\">Norway by Bike Logo.zip<\/a><a href=\"https:\/\/norwaybybike.com\/wordpress\/wp-content\/uploads\/2022\/05\/Norway-by-Bike-logo.zip\" class=\"wp-block-file__button wp-element-button\" download aria-describedby=\"wp-block-file--media-687d9483-9e9f-41d8-84da-d54561aed9b6\">Last ned<\/a><\/div>\n\n\n\n<p><\/p>\n\n\n\n<h2 class=\"wp-block-heading\">Media Inspiration Guide 2026 - Norge p\u00e5 sykkel<\/h2>\n\n\n\n<p>En kuratert samling av norske sykkelruter og destinasjoner for internasjonale redakt\u00f8rer og journalister.<\/p>\n\n\n\n<p>Utforsk fjordlandskap, fjellruter og nye grenseoverskridende opplevelser som er klare til \u00e5 inspirere din neste reisereportasje.<\/p>\n\n\n\n<p><a href=\"https:\/\/norwaybybike.com\/wordpress\/wp-content\/uploads\/2026\/02\/media-inspiration-guide-2026-norway-by-bike.pdf\">Last ned Norway by Bike - Media Inspiration Guide 2026 (PDF)<\/a><\/p>\n\n\n\n<p>For pressehenvendelser og mediest\u00f8tte:<br><a href=\"mailto:liv@norwaybybike.com\">liv@norwaybybike.com<\/a> <\/p>\n\n\n\n<p>Liv Jorstad Paulsen<br>Redakt\u00f8r og prosjektleder<\/p>","protected":false},"excerpt":{"rendered":"<p>The image material on our website is usually owned by one of the travel companies we work with and it is not permitted to use these images without obtaining the travel company&#8217;s written consent in advance. If you have questions regarding the image material, you are welcome to contact us via e-mail at info@norwaybybike.com&nbsp;or by [&hellip;]<\/p>\n","protected":false},"author":1,"featured_media":0,"parent":0,"menu_order":0,"comment_status":"closed","ping_status":"closed","template":"","meta":{"_acf_changed":false,"_relevanssi_hide_post":"","_relevanssi_pin_for_all":"","_relevanssi_pin_keywords":"","_relevanssi_unpin_keywords":"","_relevanssi_related_keywords":"","_relevanssi_related_include_ids":"","_relevanssi_related_exclude_ids":"","_relevanssi_related_no_append":"","_relevanssi_related_not_related":"","_relevanssi_related_posts":"1","footnotes":""},"class_list":["post-67","page","type-page","status-publish","hentry"],"acf":[],"_links":{"self":[{"href":"https:\/\/norwaybybike.com\/no\/wp-json\/wp\/v2\/pages\/67","targetHints":{"allow":["GET"]}}],"collection":[{"href":"https:\/\/norwaybybike.com\/no\/wp-json\/wp\/v2\/pages"}],"about":[{"href":"https:\/\/norwaybybike.com\/no\/wp-json\/wp\/v2\/types\/page"}],"author":[{"embeddable":true,"href":"https:\/\/norwaybybike.com\/no\/wp-json\/wp\/v2\/users\/1"}],"replies":[{"embeddable":true,"href":"https:\/\/norwaybybike.com\/no\/wp-json\/wp\/v2\/comments?post=67"}],"version-history":[{"count":10,"href":"https:\/\/norwaybybike.com\/no\/wp-json\/wp\/v2\/pages\/67\/revisions"}],"predecessor-version":[{"id":5616,"href":"https:\/\/norwaybybike.com\/no\/wp-json\/wp\/v2\/pages\/67\/revisions\/5616"}],"wp:attachment":[{"href":"https:\/\/norwaybybike.com\/no\/wp-json\/wp\/v2\/media?parent=67"}],"curies":[{"name":"wp","href":"https:\/\/api.w.org\/{rel}","templated":true}]}}