{"id":79,"date":"2021-09-22T07:45:52","date_gmt":"2021-09-22T07:45:52","guid":{"rendered":"https:\/\/local-norwaybybike.com\/?page_id=79"},"modified":"2025-10-16T09:29:49","modified_gmt":"2025-10-16T09:29:49","slug":"market-your-bicycle-tours","status":"publish","type":"page","link":"https:\/\/norwaybybike.com\/no\/market-your-bicycle-tours\/","title":{"rendered":"Markedsf\u00f8r sykkelturene dine"},"content":{"rendered":"<p>Sykkelturismen i Norge er i stadig vekst, og stadig flere velger sykkelferie som sin foretrukne m\u00e5te \u00e5 utforske landet p\u00e5 - b\u00e5de nordmenn og internasjonale bes\u00f8kende.<\/p>\n\n\n\n<p>Vi i Norway by Bike tror p\u00e5 \u00e5 samarbeide med lokale turoperat\u00f8rer og pakkeleverand\u00f8rer. Dette gj\u00f8r hver opplevelse mer personlig og autentisk for sykkelgjestene - de f\u00e5r m\u00f8te lokalbefolkningen, oppdage skjulte perler og oppleve regionen p\u00e5 en ekte m\u00e5te.<\/p>\n\n\n\n<p>Samtidig bidrar disse samarbeidene til \u00e5 styrke den lokale \u00f8konomien og utviklingen av landsbygda, og bidrar til b\u00e6rekraftig turisme. N\u00e5r sykkelpakker lages og selges av lokale bedrifter, blir inntektene v\u00e6rende i lokalsamfunnet og st\u00f8tter n\u00e6rliggende overnattingssteder, kafeer, butikker og attraksjoner.<\/p>\n\n\n\n<p>Med Norway by Bike kan du enkelt og effektivt markedsf\u00f8re sykkelpakken din og n\u00e5 ut til et voksende publikum av sykkelentusiaster - b\u00e5de i Norge og i utlandet.<\/p>\n\n\n\n<h2 class=\"wp-block-heading\">Hva er inkludert?<\/h2>\n\n\n\n<ul class=\"wp-block-list\">\n<li>Din egen presentasjonsside.<\/li>\n\n\n\n<li>Tilgang til en avansert nettplattform.<\/li>\n\n\n\n<li>Vi hjelper deg med tekster og bilder.<\/li>\n\n\n\n<li>H\u00f8y SEO og treffsikkerhet i s\u00f8kemotorer.<\/li>\n\n\n\n<li>Sykkelpakken din vil v\u00e6re s\u00f8kbar og kategorisert (f.eks. <em>familievennlig, romantisk<\/em> eller <em>Gourmet<\/em>).<\/li>\n\n\n\n<li>Kundevurderinger og tilbakemeldinger.<\/li>\n\n\n\n<li>Vi markedsf\u00f8rer sykkelturene dine gjennom v\u00e5re kanaler.<\/li>\n\n\n\n<li>Mulighet for kundene til \u00e5 bruke gavekort som betaling.<\/li>\n<\/ul>\n\n\n\n<h2 class=\"wp-block-heading\">V\u00e5re forventninger<\/h2>\n\n\n\n<ul class=\"wp-block-list\">\n<li>Sykkelpakken b\u00f8r inneholde overnatting, god mat og forslag til turer.<\/li>\n\n\n\n<li>Prisen til kunden m\u00e5 v\u00e6re den samme som hvis kunden bestiller direkte hos deg.<\/li>\n\n\n\n<li>Svar kunden innen 24 timer etter at en foresp\u00f8rsel er mottatt.<\/li>\n<\/ul>\n\n\n\n<h2 class=\"wp-block-heading\">Vurderer du \u00e5 utvikle en ny sykkelpakke?<\/h2>\n\n\n\n<p>Vi tilbyr hjelp med r\u00e5d, veiledning og konseptualisering. Enten du driver et overnattingssted og \u00f8nsker \u00e5 tiltrekke deg en ny m\u00e5lgruppe, eller om du allerede er en etablert turoperat\u00f8r og \u00f8nsker \u00e5 utvikle et nytt konsept - vi kan hjelpe deg. Kontakt oss for mer informasjon.<\/p>\n\n\n\n<h2 class=\"wp-block-heading\">Kontakt<\/h2>\n\n\n\n<p>Hvis du \u00f8nsker \u00e5 vite mer eller har sp\u00f8rsm\u00e5l, kan du kontakte oss via e-post <a href=\"mailto:info@norwaybybike.com\">info@norwaybybike.com<\/a> eller ring +46 8 640 96 56.<\/p>","protected":false},"excerpt":{"rendered":"<p>Cycling tourism is growing steadily in Norway, and more and more people are choosing a cycling holiday as their preferred way to explore the country &#8211; both Norwegians and international visitors. At Norway by Bike, we believe in collaborating with local tour operators and package providers. This makes each experience more personal and authentic for [&hellip;]<\/p>\n","protected":false},"author":1,"featured_media":0,"parent":0,"menu_order":0,"comment_status":"closed","ping_status":"closed","template":"","meta":{"_acf_changed":false,"_relevanssi_hide_post":"","_relevanssi_pin_for_all":"","_relevanssi_pin_keywords":"","_relevanssi_unpin_keywords":"","_relevanssi_related_keywords":"","_relevanssi_related_include_ids":"","_relevanssi_related_exclude_ids":"","_relevanssi_related_no_append":"","_relevanssi_related_not_related":"","_relevanssi_related_posts":"1","footnotes":""},"class_list":["post-79","page","type-page","status-publish","hentry"],"acf":[],"_links":{"self":[{"href":"https:\/\/norwaybybike.com\/no\/wp-json\/wp\/v2\/pages\/79","targetHints":{"allow":["GET"]}}],"collection":[{"href":"https:\/\/norwaybybike.com\/no\/wp-json\/wp\/v2\/pages"}],"about":[{"href":"https:\/\/norwaybybike.com\/no\/wp-json\/wp\/v2\/types\/page"}],"author":[{"embeddable":true,"href":"https:\/\/norwaybybike.com\/no\/wp-json\/wp\/v2\/users\/1"}],"replies":[{"embeddable":true,"href":"https:\/\/norwaybybike.com\/no\/wp-json\/wp\/v2\/comments?post=79"}],"version-history":[{"count":17,"href":"https:\/\/norwaybybike.com\/no\/wp-json\/wp\/v2\/pages\/79\/revisions"}],"predecessor-version":[{"id":4959,"href":"https:\/\/norwaybybike.com\/no\/wp-json\/wp\/v2\/pages\/79\/revisions\/4959"}],"wp:attachment":[{"href":"https:\/\/norwaybybike.com\/no\/wp-json\/wp\/v2\/media?parent=79"}],"curies":[{"name":"wp","href":"https:\/\/api.w.org\/{rel}","templated":true}]}}