{"id":82,"date":"2021-09-22T07:47:31","date_gmt":"2021-09-22T07:47:31","guid":{"rendered":"https:\/\/local-norwaybybike.com\/?page_id=82"},"modified":"2022-05-25T14:51:40","modified_gmt":"2022-05-25T14:51:40","slug":"tourism-development","status":"publish","type":"page","link":"https:\/\/norwaybybike.com\/no\/tourism-development\/","title":{"rendered":"Utvikling av turisme"},"content":{"rendered":"<p><strong>Her forteller vi mer om tjenestene v\u00e5re og kunnskapen vi tilbyr innen det vi er best p\u00e5: Sykkelturisme. Alt vi gj\u00f8r for \u00e5 n\u00e5 v\u00e5rt viktigste m\u00e5l - \u00e5 inspirere og synliggj\u00f8re sykkelturismen i Norden.<br><\/strong><br>En viktig del av det vi gj\u00f8r er \u00e5 utvikle og formidle de fantastiske mulighetene for sykkelturister i <a href=\"https:\/\/norwaybybike.com\/\">Norge<\/a> og <a href=\"https:\/\/swedenbybike.com\/\" target=\"_blank\" rel=\"noopener\">Sverige<\/a>. Dette gj\u00f8r vi dels gjennom kommunikasjon i v\u00e5re digitale kanaler, og dels ved \u00e5 tilby en rekke andre tjenester knyttet til sykkelturisme. I samarbeid med andre akt\u00f8rer i nettverket v\u00e5rt tilbyr vi alt fra oppl\u00e6ring og kurs til utvikling av nye sykkelturer og sykkelpakker.&nbsp;<\/p>\n\n\n\n<h2 class=\"wp-block-heading\">Utvikling, pakking og markedsf\u00f8ring av nye eller eksisterende sykkelreiser<\/h2>\n\n\n\n<p>Noe av det vi kan best, er utvikling av nye sykkelpakker og sykkelturer. Vi kan hjelpe deg gjennom hele prosessen (noen ganger en kommune\/destinasjon, noen ganger et lokalt selskap) i alt fra hva du skal tenke p\u00e5 (<em>hva vil en syklist egentlig ha?<\/em>), for \u00e5 st\u00f8tte med m\u00e5lrettet kommunikasjon, markedsf\u00f8ring og emballasje. Vi hjelper deg gjerne med \u00e5 \"skreddersy\" tilbudet ditt.<\/p>\n\n\n\n<h2 class=\"wp-block-heading\">Prosjektledelse av b\u00e5de sm\u00e5 og store utviklingsprosjekter<\/h2>\n\n\n\n<p>Vi deler gjerne v\u00e5re erfaringer med sykkelturisme, og du er velkommen til \u00e5 kontakte oss hvis du \u00f8nsker \u00e5 gjennomf\u00f8re en pilotstudie eller trenger prosjektst\u00f8tte.<\/p>\n\n\n\n<h2 class=\"wp-block-heading\">Utdanning og kurs&nbsp;<\/h2>\n\n\n\n<p>Vi har selv, og ofte sammen med v\u00e5re samarbeidspartnere, holdt mange kurs i sykkelturisme. <br><br>Vi lager ogs\u00e5 skreddersydde forretningsutviklingsserier for kommuner, destinasjoner, bedrifter eller andre som p\u00e5 ulike m\u00e5ter \u00f8nsker \u00e5 forbedre sitt arbeid med sykkelturisme.<\/p>\n\n\n\n<h2 class=\"wp-block-heading\">Skreddersydde reiser for grupper og bedrifter<\/h2>\n\n\n\n<p>I tillegg til at vi gjennom gode samarbeid med turoperat\u00f8rer og overnattingssteder tilbyr ferdige sykkelpakker av h\u00f8y kvalitet, tilbyr vi gjerne skreddersydde turer for bedrifter eller grupper sammen med v\u00e5re samarbeidspartnere.\u00a0<\/p>\n\n\n\n<h2 class=\"wp-block-heading\">Kommunikasjon og markedsf\u00f8ring<\/h2>\n\n\n\n<p>\u00d8nsker du \u00e5 n\u00e5 ut til flere potensielle kunder og syklister? Da vet du hvor vi er. \u00c5 pakke og lage m\u00e5lrettede (relevante - vi tror ikke p\u00e5 \"spamming\") kampanjer er noe av det morsomste vi vet. Hvorfor det? Det samme som alltid. Vi \u00f8nsker \u00e5 f\u00e5 flere til \u00e5 sykle i Norge.<\/p>\n\n\n\n<h2 class=\"wp-block-heading\">Fungerer som ordstyrer og foredragsholder<\/h2>\n\n\n\n<p>Trenger du en troverdig og relevant moderator innen sykling og sykkelturisme? Da vet du hvor du finner oss. Vi har moderert en rekke seminarer opp gjennom \u00e5rene, og i \"familien\" v\u00e5r er det ogs\u00e5 kommunikat\u00f8rer og journalister.<\/p>\n\n\n\n<h2 class=\"wp-block-heading\">Endelig har vi et nettverk vi er stolte av.&nbsp;<br>Hva trenger du hjelp til?<\/h2>\n\n\n\n<p>Noen kaller det PR - vi kaller det \u00e5 ha gode relasjoner. Vi kjenner denne bransjen og vet ofte hvem som er eksperter p\u00e5 et bestemt omr\u00e5de n\u00e5r et sykkelprosjekt skal tilrettelegges. Vi har et nettverk vi er stolte av, og samarbeider ofte med andre som kan utfylle oss p\u00e5 en god m\u00e5te.<\/p>\n\n\n\n<p>Ta gjerne kontakt med oss hvis du er p\u00e5 jakt etter en bestemt kompetanse knyttet til en sykkelinvestering eller har et utviklingsbehov innen sykkelturisme. Vi er stolte av \u00e5 ha et s\u00e5 godt nettverk, og hjelper gjerne til med alt fra prosjekts\u00f8knader til selve gjennomf\u00f8ringen.<\/p>","protected":false},"excerpt":{"rendered":"<p>Here we tell you more about our services and the knowledge we offer in what we are best at: Cycling tourism. Everything we do aims to achieve our most important goal &#8211; to inspire and make visible bicycle tourism in the Nordic countries.An important part of what we do is to develop and communicate the [&hellip;]<\/p>\n","protected":false},"author":1,"featured_media":0,"parent":0,"menu_order":0,"comment_status":"closed","ping_status":"closed","template":"","meta":{"_acf_changed":false,"_relevanssi_hide_post":"","_relevanssi_pin_for_all":"","_relevanssi_pin_keywords":"","_relevanssi_unpin_keywords":"","_relevanssi_related_keywords":"","_relevanssi_related_include_ids":"","_relevanssi_related_exclude_ids":"","_relevanssi_related_no_append":"","_relevanssi_related_not_related":"","_relevanssi_related_posts":"1","footnotes":""},"class_list":["post-82","page","type-page","status-publish","hentry"],"acf":[],"_links":{"self":[{"href":"https:\/\/norwaybybike.com\/no\/wp-json\/wp\/v2\/pages\/82","targetHints":{"allow":["GET"]}}],"collection":[{"href":"https:\/\/norwaybybike.com\/no\/wp-json\/wp\/v2\/pages"}],"about":[{"href":"https:\/\/norwaybybike.com\/no\/wp-json\/wp\/v2\/types\/page"}],"author":[{"embeddable":true,"href":"https:\/\/norwaybybike.com\/no\/wp-json\/wp\/v2\/users\/1"}],"replies":[{"embeddable":true,"href":"https:\/\/norwaybybike.com\/no\/wp-json\/wp\/v2\/comments?post=82"}],"version-history":[{"count":17,"href":"https:\/\/norwaybybike.com\/no\/wp-json\/wp\/v2\/pages\/82\/revisions"}],"predecessor-version":[{"id":588,"href":"https:\/\/norwaybybike.com\/no\/wp-json\/wp\/v2\/pages\/82\/revisions\/588"}],"wp:attachment":[{"href":"https:\/\/norwaybybike.com\/no\/wp-json\/wp\/v2\/media?parent=82"}],"curies":[{"name":"wp","href":"https:\/\/api.w.org\/{rel}","templated":true}]}}