{"id":85,"date":"2021-09-22T07:48:58","date_gmt":"2021-09-22T07:48:58","guid":{"rendered":"https:\/\/local-norwaybybike.com\/?page_id=85"},"modified":"2026-01-12T07:31:54","modified_gmt":"2026-01-12T07:31:54","slug":"cyclist-welcome","status":"publish","type":"page","link":"https:\/\/norwaybybike.com\/no\/cyclist-welcome\/","title":{"rendered":"Cyclist welcome!"},"content":{"rendered":"<div class=\"wp-block-image\">\n<figure class=\"alignright size-large is-resized\"><img decoding=\"async\" src=\"https:\/\/norwaybybike.com\/wordpress\/wp-content\/themes\/swedenbybike-norwaybybike\/images\/sbb-cyclist-welcome.svg\" alt=\"Syklister \u00f8nskes velkommen 2025\" style=\"width:200px\"\/><\/figure>\n<\/div>\n\n\n<p>Velkommen til \"Cyclist welcome!\", et kvalitetsmerke for virksomheter som verdsetter og \u00f8nsker syklister velkommen. I takt med at stadig flere reisende velger sykkelen n\u00e5r de skal ut p\u00e5 eventyr, \u00f8ker ettersp\u00f8rselen etter steder som er tilpasset deres behov. \"Cyclist welcome!\" gir deg en unik mulighet til \u00e5 vise ditt engasjement for denne voksende gruppen reisende.<\/p>\n\n\n\n<h2 class=\"wp-block-heading\">Hva inneb\u00e6rer det \u00e5 v\u00e6re en del av \"Cyclist welcome!\"?<\/h2>\n\n\n\n<p>\u00c5 v\u00e6re en del av \"Cyclist welcome!\" betyr at du ikke bare \u00e5pner d\u00f8rene for syklende gjester, men ogs\u00e5 viser at du har den spesielle servicen som disse gjestene setter mest pris p\u00e5.<\/p>\n\n\n\n<p><strong><a href=\"https:\/\/norwaybybike.com\/cyclist-welcome\/bicycle-friendly-accommodation\/\">Sykkelvennlig innkvartering<\/a>:<\/strong>&nbsp;Enten du driver bed &amp; breakfast, vandrerhjem, pensjonat, hytte, campingplass eller hotell, vet vi at det er noe som er spesielt viktig for sykkelgjestene dine. Med \"Cyclist welcome!\" garanterer du dem en opplevelse som er skreddersydd for syklistens unike behov.<\/p>\n\n\n\n<p><strong><a href=\"https:\/\/norwaybybike.com\/cyclist-welcome\/favorite-place\/\">Favorittsted<\/a>:<\/strong>&nbsp;Kafeer, restauranter og turistattraksjoner spiller en sentral rolle p\u00e5 syklistenes reise. Ved \u00e5 bli et \"Cyclist welcome!\"-favorittsted viser du at virksomheten din kan gi syklistene den servicen de trenger.<\/p>\n\n\n\n<h2 class=\"wp-block-heading\">Hvorfor b\u00f8r din bedrift bli medlem?<\/h2>\n\n\n\n<ol class=\"wp-block-list\">\n<li><strong>Synlighet<\/strong>: F\u00e5 din egen presentasjonsside p\u00e5 norwaybybike.com og dra nytte av en webplattform som er optimalisert for s\u00f8kemotorer.<\/li>\n\n\n\n<li><strong>Anerkjennelse<\/strong>: Du vil motta et \"Cyclist welcome!\"-klistremerke til \u00e5 henge ved inngangen, samt et digitalt klistremerke til nettstedet ditt eller sosiale medier.<\/li>\n\n\n\n<li><strong>Nettverksbygging<\/strong>: Bli en del av et nasjonalt kart over sykkelvennlige steder.<\/li>\n\n\n\n<li><strong>Direkte kommunikasjon<\/strong>: Ingen mellomledd eller provisjon. Syklister henvises direkte til deg ved hjelp av kontaktinformasjonen du oppgir.<\/li>\n<\/ol>\n\n\n\n<p>N\u00e5r du melder deg inn i \"Cyclist welcome!\" blir du ikke bare en del av en plattform, men ogs\u00e5 en partner. Vi hjelper deg med tekster, bilder og st\u00f8tte til hvordan du best kan tilpasse aktivitetene dine til syklistenes behov.<\/p>\n\n\n\n<p>V\u00e6r med p\u00e5 \u00e5 forme sykkelkulturens fremtid i Norge! Finn ut hvordan din bedrift kan bli en del av \"Cyclist welcome!\" og oppdag fordelene ved \u00e5 ta imot sykkelturister fra Norge og andre land.<\/p>\n\n\n\n<p>For \u00e5 finne ut mer om spesifikke krav, priser og fordeler for&nbsp;<a href=\"https:\/\/norwaybybike.com\/cyclist-welcome\/bicycle-friendly-accommodation\/\">Sykkelvennlig innkvartering<\/a>&nbsp;eller&nbsp;<a href=\"https:\/\/norwaybybike.com\/cyclist-welcome\/favorite-place\/\">Favorittsted<\/a>, f\u00f8lg lenkene.<\/p>","protected":false},"excerpt":{"rendered":"<p>Welcome to &#8220;Cyclist Welcome!&#8221;, a quality label for businesses that value and welcome cyclists. As more and more travelers choose the bicycle for their adventures, there is a growing demand for places adapted to their needs. &#8220;Cyclist welcome!&#8221; gives you a unique opportunity to show your commitment to this growing group of travelers. What does [&hellip;]<\/p>\n","protected":false},"author":1,"featured_media":1821,"parent":0,"menu_order":0,"comment_status":"closed","ping_status":"closed","template":"","meta":{"_acf_changed":false,"_relevanssi_hide_post":"","_relevanssi_pin_for_all":"","_relevanssi_pin_keywords":"","_relevanssi_unpin_keywords":"","_relevanssi_related_keywords":"","_relevanssi_related_include_ids":"","_relevanssi_related_exclude_ids":"","_relevanssi_related_no_append":"","_relevanssi_related_not_related":"","_relevanssi_related_posts":"1","footnotes":""},"class_list":["post-85","page","type-page","status-publish","has-post-thumbnail","hentry"],"acf":[],"_links":{"self":[{"href":"https:\/\/norwaybybike.com\/no\/wp-json\/wp\/v2\/pages\/85","targetHints":{"allow":["GET"]}}],"collection":[{"href":"https:\/\/norwaybybike.com\/no\/wp-json\/wp\/v2\/pages"}],"about":[{"href":"https:\/\/norwaybybike.com\/no\/wp-json\/wp\/v2\/types\/page"}],"author":[{"embeddable":true,"href":"https:\/\/norwaybybike.com\/no\/wp-json\/wp\/v2\/users\/1"}],"replies":[{"embeddable":true,"href":"https:\/\/norwaybybike.com\/no\/wp-json\/wp\/v2\/comments?post=85"}],"version-history":[{"count":30,"href":"https:\/\/norwaybybike.com\/no\/wp-json\/wp\/v2\/pages\/85\/revisions"}],"predecessor-version":[{"id":5357,"href":"https:\/\/norwaybybike.com\/no\/wp-json\/wp\/v2\/pages\/85\/revisions\/5357"}],"wp:featuredmedia":[{"embeddable":true,"href":"https:\/\/norwaybybike.com\/no\/wp-json\/wp\/v2\/media\/1821"}],"wp:attachment":[{"href":"https:\/\/norwaybybike.com\/no\/wp-json\/wp\/v2\/media?parent=85"}],"curies":[{"name":"wp","href":"https:\/\/api.w.org\/{rel}","templated":true}]}}