{"id":3747,"date":"2025-01-27T14:39:24","date_gmt":"2025-01-27T14:39:24","guid":{"rendered":"https:\/\/norwaybybike.com\/?post_type=product&#038;p=3747"},"modified":"2025-05-12T09:05:49","modified_gmt":"2025-05-12T09:05:49","slug":"complete-bicycle-tool-kit","status":"publish","type":"product","link":"https:\/\/norwaybybike.com\/no\/shop\/cycling-accessories\/complete-bicycle-tool-kit\/","title":{"rendered":"Komplett sykkelverkt\u00f8ysett"},"content":{"rendered":"<p>Utstyr deg med det ultimate sykkelverkt\u00f8ysettet, designet for b\u00e5de hverdagsbruk og lange sykkeleventyr. Dette omfattende settet inneholder alt du trenger for \u00e5 h\u00e5ndtere mindre reparasjoner, vedlikehold og n\u00f8dsituasjoner n\u00e5r du er p\u00e5 farten. Settet er pakket i en stilig og slitesterk merkeveske, og er den perfekte f\u00f8lgesvenn for syklister som utforsker Norden eller bare pendler daglig.<\/p>\n<p>Hva er inkludert?<\/p>\n<ul>\n<li>Pumpe (Injex Lite Zoom): Lett og effektiv, perfekt for rask oppbl\u00e5sing av dekk.<\/li>\n<li>Dekkspaker (2 stk): Slitesterke verkt\u00f8y for enkel fjerning og montering av dekk.<\/li>\n<li>Sykkelolje (Muc-Off Dry Lube): Sm\u00f8remiddel av h\u00f8y kvalitet for jevne og p\u00e5litelige turer.<\/li>\n<li>Multiverkt\u00f8y (Lezyne RAP II-12): Et kompakt, allsidig verkt\u00f8y med 12 funksjoner for justeringer p\u00e5 stedet.<\/li>\n<li>Reparasjonssett for punktering (ParkTool VP-1): P\u00e5litelig lappesett for rask reparasjon av punkterte dekk.<\/li>\n<li>Stoffveske med merkevare: Milj\u00f8vennlig, gjenbrukbar og perfekt til \u00e5 organisere verkt\u00f8yene dine.<\/li>\n<\/ul>","protected":false},"excerpt":{"rendered":"<p>Equip yourself with the ultimate bicycle tool kit, designed for both everyday use and long cycling adventures. This comprehensive set includes everything you need to handle minor repairs, maintenance, and emergencies on the go. Packaged in a stylish and durable branded bag, it\u2019s the perfect companion for cyclists exploring the Nordics or just commuting daily. [&hellip;]<\/p>\n","protected":false},"featured_media":3748,"template":"","meta":{"_acf_changed":false,"_relevanssi_hide_post":"","_relevanssi_pin_for_all":"","_relevanssi_pin_keywords":"","_relevanssi_unpin_keywords":"","_relevanssi_related_keywords":"","_relevanssi_related_include_ids":"","_relevanssi_related_exclude_ids":"","_relevanssi_related_no_append":"","_relevanssi_related_not_related":"","_relevanssi_related_posts":""},"product_brand":[],"product_cat":[74],"product_tag":[],"class_list":{"0":"post-3747","1":"product","2":"type-product","3":"status-publish","4":"has-post-thumbnail","6":"product_cat-cycling-accessories","8":"first","9":"instock","10":"taxable","11":"shipping-taxable","12":"purchasable","13":"product-type-simple"},"acf":[],"_links":{"self":[{"href":"https:\/\/norwaybybike.com\/no\/wp-json\/wp\/v2\/product\/3747","targetHints":{"allow":["GET"]}}],"collection":[{"href":"https:\/\/norwaybybike.com\/no\/wp-json\/wp\/v2\/product"}],"about":[{"href":"https:\/\/norwaybybike.com\/no\/wp-json\/wp\/v2\/types\/product"}],"wp:featuredmedia":[{"embeddable":true,"href":"https:\/\/norwaybybike.com\/no\/wp-json\/wp\/v2\/media\/3748"}],"wp:attachment":[{"href":"https:\/\/norwaybybike.com\/no\/wp-json\/wp\/v2\/media?parent=3747"}],"wp:term":[{"taxonomy":"product_brand","embeddable":true,"href":"https:\/\/norwaybybike.com\/no\/wp-json\/wp\/v2\/product_brand?post=3747"},{"taxonomy":"product_cat","embeddable":true,"href":"https:\/\/norwaybybike.com\/no\/wp-json\/wp\/v2\/product_cat?post=3747"},{"taxonomy":"product_tag","embeddable":true,"href":"https:\/\/norwaybybike.com\/no\/wp-json\/wp\/v2\/product_tag?post=3747"}],"curies":[{"name":"wp","href":"https:\/\/api.w.org\/{rel}","templated":true}]}}