{"id":3760,"date":"2025-01-31T10:05:27","date_gmt":"2025-01-31T10:05:27","guid":{"rendered":"https:\/\/norwaybybike.com\/?post_type=product&#038;p=3760"},"modified":"2026-01-07T09:49:38","modified_gmt":"2026-01-07T09:49:38","slug":"gift-card","status":"publish","type":"product","link":"https:\/\/norwaybybike.com\/no\/shop\/gifts-reward-cards\/gift-card\/","title":{"rendered":"Digitalt gavekort"},"content":{"rendered":"<h2>Gi bort et sykkeleventyr i gave!<\/h2>\n<p>Norway by Bike sine digitale gavekort er den perfekte gaven til sykkelentusiaster. De kan brukes til hel eller delvis betaling p\u00e5 alle v\u00e5re sykkelturer og sykkelvennlige overnattingssteder som er omtalt p\u00e5 norwaybybike.com. L\u00f8s inn gavekortet direkte hos arrang\u00f8ren, eller bruk det som betalingsmiddel i v\u00e5r nettbutikk ved \u00e5 oppgi gavekortnummeret i kassen.<\/p>\n<p>N\u00e5r bestillingen er lagt inn, sendes e-gavekortet rett til mottakerens e-post. Du kan gj\u00f8re gaven personlig ved \u00e5 legge til b\u00e5de mottakerens og avsenderens navn, samt en spesiell melding. Hvis du foretrekker \u00e5 videresende kortet senere, bruker du bare din egen e-postadresse som mottaker og sender det p\u00e5 et tidspunkt som passer deg.<\/p>\n<p><small>Gavekortet er gyldig i 2 \u00e5r fra kj\u00f8psdatoen. For \u00e5 bestille en sykkeltur, vennligst bruk kontaktskjemaet p\u00e5 norwaybybike.com. Gavekort kan ikke byttes inn i kontanter, og tapte gavekort kan ikke erstattes.<\/small><\/p>","protected":false},"excerpt":{"rendered":"<p>Give the Gift of a Cycling Adventure! Norway by Bike&#8217;s digital e-gift cards are the perfect present for cycling enthusiasts. They can be used for full or partial payment on any of our cycling tours and bike-friendly accommodations featured on norwaybybike.com. Redeem your gift card directly with the organizer, or use it as a payment [&hellip;]<\/p>\n","protected":false},"featured_media":5255,"template":"","meta":{"_acf_changed":false,"_relevanssi_hide_post":"","_relevanssi_pin_for_all":"","_relevanssi_pin_keywords":"","_relevanssi_unpin_keywords":"","_relevanssi_related_keywords":"","_relevanssi_related_include_ids":"","_relevanssi_related_exclude_ids":"","_relevanssi_related_no_append":"","_relevanssi_related_not_related":"","_relevanssi_related_posts":""},"product_brand":[],"product_cat":[76],"product_tag":[],"class_list":{"0":"post-3760","1":"product","2":"type-product","3":"status-publish","4":"has-post-thumbnail","6":"product_cat-gifts-reward-cards","8":"first","9":"instock","10":"taxable","11":"shipping-taxable","12":"purchasable","13":"product-type-pw-gift-card","14":"rtwpvg-product"},"acf":[],"_links":{"self":[{"href":"https:\/\/norwaybybike.com\/no\/wp-json\/wp\/v2\/product\/3760","targetHints":{"allow":["GET"]}}],"collection":[{"href":"https:\/\/norwaybybike.com\/no\/wp-json\/wp\/v2\/product"}],"about":[{"href":"https:\/\/norwaybybike.com\/no\/wp-json\/wp\/v2\/types\/product"}],"wp:featuredmedia":[{"embeddable":true,"href":"https:\/\/norwaybybike.com\/no\/wp-json\/wp\/v2\/media\/5255"}],"wp:attachment":[{"href":"https:\/\/norwaybybike.com\/no\/wp-json\/wp\/v2\/media?parent=3760"}],"wp:term":[{"taxonomy":"product_brand","embeddable":true,"href":"https:\/\/norwaybybike.com\/no\/wp-json\/wp\/v2\/product_brand?post=3760"},{"taxonomy":"product_cat","embeddable":true,"href":"https:\/\/norwaybybike.com\/no\/wp-json\/wp\/v2\/product_cat?post=3760"},{"taxonomy":"product_tag","embeddable":true,"href":"https:\/\/norwaybybike.com\/no\/wp-json\/wp\/v2\/product_tag?post=3760"}],"curies":[{"name":"wp","href":"https:\/\/api.w.org\/{rel}","templated":true}]}}