{"id":4192,"date":"2025-05-12T09:14:39","date_gmt":"2025-05-12T09:14:39","guid":{"rendered":"https:\/\/norwaybybike.com\/?post_type=product&#038;p=4192"},"modified":"2025-05-12T09:14:39","modified_gmt":"2025-05-12T09:14:39","slug":"mobile-phone-holder-ram-mount-x-grip-with-tough-claw","status":"publish","type":"product","link":"https:\/\/norwaybybike.com\/no\/shop\/accessories\/mobile-phone-holder-ram-mount-x-grip-with-tough-claw\/","title":{"rendered":"Mobiltelefonholder RAM Mount X-Grip\u00ae med Tough-Claw\u2122"},"content":{"rendered":"<p>RAM Mount X-Grip\u00ae med Tough-Claw\u2122 - en robust og fleksibel smarttelefonholder for sykling.<\/p>\n<p>RAM Mount X-Grip\u00ae med Tough-Claw\u2122 er den perfekte l\u00f8sningen for syklister som trenger en sikker og justerbar telefonholder. Det fj\u00e6rbelastede X-designet gir et stabilt grep uten \u00e5 dekke skjermen, slik at du enkelt kan navigere eller bruke apper under syklingen.<\/p>\n<p>Med Tough-Claw\u2122-basen kan holderen raskt og enkelt monteres og demonteres <strong>uten verkt\u00f8y<\/strong> - ideell for syklister som bytter sykkel ofte eller \u00f8nsker en fleksibel l\u00f8sning. Takket v\u00e6re det 360-graders roterbare festet og den robuste konstruksjonen fungerer den like godt p\u00e5 vei som i terrenget.<\/p>\n<p><strong>Universell passform:<\/strong> Passer til de fleste smarttelefoner, ogs\u00e5 st\u00f8rre modeller.<br \/>\n<strong>B\u00e6rekraftige materialer:<\/strong> Laget av rustfritt st\u00e5l og kompositt av h\u00f8y kvalitet for langvarig bruk.<br \/>\n<strong>Verkt\u00f8yfri installasjon:<\/strong> Rask og enkel montering.<br \/>\n<strong>Sikkerhetsplomber:<\/strong> Ekstra sikkerhet ved h\u00f8ye hastigheter eller p\u00e5 ujevnt underlag.<\/p>\n<p>Denne holderen er perfekt for de som leter etter en <strong>p\u00e5litelig og fleksibel mobilholder for sykler<\/strong>. Passer til enheter med en bredde p\u00e5 mellom 4,4-11,4 cm.<\/p>\n<p><strong>Materiale:<\/strong> Rustfritt st\u00e5l og kompositt av h\u00f8y kvalitet<br \/>\n<strong>Vekt:<\/strong> omtrent 300 gram<br \/>\n<strong>Farge:<\/strong> Svart<\/p>","protected":false},"excerpt":{"rendered":"<p>RAM Mount X-Grip\u00ae with Tough-Claw\u2122 &#8211; a robust and flexible smartphone holder for cycling. The RAM Mount X-Grip\u00ae with Tough-Claw\u2122 is the perfect solution for cyclists who need a secure and adjustable phone holder. The spring-loaded X-design provides a stable grip without covering the screen, allowing you to easily navigate or use apps during your [&hellip;]<\/p>\n","protected":false},"featured_media":4193,"template":"","meta":{"_acf_changed":false,"_relevanssi_hide_post":"","_relevanssi_pin_for_all":"","_relevanssi_pin_keywords":"","_relevanssi_unpin_keywords":"","_relevanssi_related_keywords":"","_relevanssi_related_include_ids":"","_relevanssi_related_exclude_ids":"","_relevanssi_related_no_append":"","_relevanssi_related_not_related":"","_relevanssi_related_posts":""},"product_brand":[],"product_cat":[77],"product_tag":[],"class_list":{"0":"post-4192","1":"product","2":"type-product","3":"status-publish","4":"has-post-thumbnail","6":"product_cat-accessories","8":"first","9":"instock","10":"taxable","11":"shipping-taxable","12":"purchasable","13":"product-type-simple"},"acf":[],"_links":{"self":[{"href":"https:\/\/norwaybybike.com\/no\/wp-json\/wp\/v2\/product\/4192","targetHints":{"allow":["GET"]}}],"collection":[{"href":"https:\/\/norwaybybike.com\/no\/wp-json\/wp\/v2\/product"}],"about":[{"href":"https:\/\/norwaybybike.com\/no\/wp-json\/wp\/v2\/types\/product"}],"wp:featuredmedia":[{"embeddable":true,"href":"https:\/\/norwaybybike.com\/no\/wp-json\/wp\/v2\/media\/4193"}],"wp:attachment":[{"href":"https:\/\/norwaybybike.com\/no\/wp-json\/wp\/v2\/media?parent=4192"}],"wp:term":[{"taxonomy":"product_brand","embeddable":true,"href":"https:\/\/norwaybybike.com\/no\/wp-json\/wp\/v2\/product_brand?post=4192"},{"taxonomy":"product_cat","embeddable":true,"href":"https:\/\/norwaybybike.com\/no\/wp-json\/wp\/v2\/product_cat?post=4192"},{"taxonomy":"product_tag","embeddable":true,"href":"https:\/\/norwaybybike.com\/no\/wp-json\/wp\/v2\/product_tag?post=4192"}],"curies":[{"name":"wp","href":"https:\/\/api.w.org\/{rel}","templated":true}]}}