{"id":4426,"date":"2025-06-16T13:52:51","date_gmt":"2025-06-16T13:52:51","guid":{"rendered":"https:\/\/norwaybybike.com\/?post_type=product&#038;p=4426"},"modified":"2026-04-16T06:33:28","modified_gmt":"2026-04-16T06:33:28","slug":"bli-medlem","status":"publish","type":"product","link":"https:\/\/norwaybybike.com\/no\/shop\/membership\/join\/","title":{"rendered":"Medlemskap"},"content":{"rendered":"<h2>Hva du f\u00e5r<\/h2>\n<div class=\"sbb-content-grid sbb-content-grid--cards\">\n<article class=\"sbb-content-card\">\n<h3>Tilgang til GPX-filer<\/h3>\n<p>F\u00e5 tilgang til GPX-filer og digitalt rutemateriell der medlemskap er p\u00e5krevd, noe som gj\u00f8r planlegging og navigering enklere.<\/p>\n<\/article>\n<article class=\"sbb-content-card\">\n<h3>Medlemsfordeler underveis<\/h3>\n<p>F\u00e5 tilbud og medlemsfordeler p\u00e5 utvalgte overnattingssteder, kafeer og andre virksomheter.<\/p>\n<\/article>\n<article class=\"sbb-content-card\">\n<h3>St\u00f8tte bedre sykkelinnhold<\/h3>\n<p>Du bidrar til \u00e5 utvikle flere ruter, forbedre eksisterende ruter og gj\u00f8re dem tilgjengelige for flere syklister.<\/p>\n<\/article>\n<\/div>\n<h2>Mer om medlemskap<\/h2>\n<p>Medlemskapet er utviklet for deg som \u00f8nsker enklere tilgang til GPX-filer, bedre planleggingsst\u00f8tte og mer verdi underveis. Du trenger ikke \u00e5 bruke alle delene av medlemskapet for at det skal l\u00f8nne seg. For noen er GPX-filene den viktigste fordelen. For andre er det medlemsfordelene som gir mest verdi. For mange er det kombinasjonen som gj\u00f8r medlemskapet spesielt verdifullt.<\/p>\n<h3>N\u00e5r medlemskapet er spesielt nyttig<\/h3>\n<div class=\"sbb-content-grid sbb-content-grid--cards\">\n<article class=\"sbb-content-card\">\n<h3>Du \u00f8nsker \u00e5 planlegge og kj\u00f8re p\u00e5 egen h\u00e5nd<\/h3>\n<p>Perfekt hvis du vil ha enkel tilgang til GPX-filer og digital st\u00f8tte f\u00f8r eller under reisen.<\/p>\n<\/article>\n<article class=\"sbb-content-card\">\n<h3>Du vil ha mer ut av reisen din<\/h3>\n<p>Perfekt hvis du \u00f8nsker \u00e5 dra nytte av medlemsfordelene p\u00e5 utvalgte overnattingssteder, kafeer og andre bedrifter langs ruten.<\/p>\n<\/article>\n<article class=\"sbb-content-card\">\n<h3>Du \u00f8nsker \u00e5 st\u00f8tte utviklingen<\/h3>\n<p>Perfekt hvis du \u00f8nsker \u00e5 st\u00f8tte utviklingen av bedre sykkelinnhold, flere kartlagte ruter og mer inspirasjon for andre syklister.<\/p>\n<\/article>\n<\/div>\n<h3>Slik fungerer det<\/h3>\n<ol>\n<li>Kj\u00f8p medlemskapet her i butikken.<\/li>\n<li>Logg inn p\u00e5 kontoen din n\u00e5r kj\u00f8pet er fullf\u00f8rt.<\/li>\n<li>F\u00e5 tilgang til GPX-filer og annet digitalt innhold der det kreves medlemskap.<\/li>\n<li>Nyt medlemsfordelene hos deltakende partnere n\u00e5r det passer deg.<\/li>\n<\/ol>\n<h3>Sammendrag av medlemskapet<\/h3>\n<ul>\n<li>Medlemskapet gjelder for ett \u00e5r av gangen og fornyes automatisk med mindre det sies opp f\u00f8r neste fornyelsesdato.<\/li>\n<li>Du administrerer medlemskapet ditt via kontoen din.<\/li>\n<li>Digitalt innhold blir tilgjengelig n\u00e5r medlemskapet ditt er aktivt.<\/li>\n<li>Medlemsfordeler og vilk\u00e5r kan variere mellom partnere og tilbud.<\/li>\n<\/ul>\n<h3>Ofte stilte sp\u00f8rsm\u00e5l<\/h3>\n<div class=\"sbb-content-faq\">\n<article class=\"sbb-content-faq__item\">\n<p class=\"sbb-content-faq__question\">Hvor lenge er medlemskapet gyldig?<\/p>\n<p class=\"sbb-content-faq__answer\">Medlemskapet gjelder \u00e5rlig og fornyes automatisk med mindre du sier det opp f\u00f8r neste fornyelsesdato.<\/p>\n<\/article>\n<article class=\"sbb-content-faq__item\">\n<p class=\"sbb-content-faq__question\">Hvordan administrerer eller avslutter jeg medlemskapet mitt?<\/p>\n<p class=\"sbb-content-faq__answer\">Du administrerer medlemskapet ditt via kontoen din. Hvis du ikke \u00f8nsker at medlemskapet skal fornyes, kan du si det opp f\u00f8r neste fornyelsesdato.<\/p>\n<\/article>\n<article class=\"sbb-content-faq__item\">\n<p class=\"sbb-content-faq__question\">Hvordan f\u00e5r jeg tilgang til GPX-filene?<\/p>\n<p class=\"sbb-content-faq__answer\">N\u00e5r medlemskapet ditt er aktivt og du er logget inn, f\u00e5r du tilgang til GPX-filer og annet digitalt innhold der medlemskap er p\u00e5krevd.<\/p>\n<\/article>\n<article class=\"sbb-content-faq__item\">\n<p class=\"sbb-content-faq__question\">Hvordan bruker jeg GPX-filene?<\/p>\n<p class=\"sbb-content-faq__answer\">Du kan bruke dem i mange vanlige apper og GPS-enheter for navigering, eller sammen med kartverkt\u00f8yene v\u00e5re.<\/p>\n<\/article>\n<article class=\"sbb-content-faq__item\">\n<p class=\"sbb-content-faq__question\">Hvordan fungerer medlemsfordelene?<\/p>\n<p class=\"sbb-content-faq__answer\">Medlemsfordeler gjelder hos deltakende partnere. Innhold og vilk\u00e5r kan variere fra sted til sted og fra tilbud til tilbud.<\/p>\n<\/article>\n<article class=\"sbb-content-faq__item\">\n<p class=\"sbb-content-faq__question\">Vil medlemskapet fortsette \u00e5 utvikle seg?<\/p>\n<p class=\"sbb-content-faq__answer\">Ja. Innhold, ruter, funksjoner og medlemsfordeler kan fortsette \u00e5 utvides over tid.<\/p>\n<\/article>\n<\/div>\n<p class=\"sbb-tip sbb-tip--compact\">Vil du l\u00e6re mer om hvordan du bruker GPX-filer til sykling? Se veiledningen v\u00e5r her: <a href=\"https:\/\/norwaybybike.com\/posts\/how-to-use-gpx-files-for-cycling-a-beginners-guide\/\">Slik bruker du GPX-filer<\/a>.<\/p>","protected":false},"excerpt":{"rendered":"<p>What you get Access to GPX files Get access to GPX files and digital route materials where membership is required, making planning and navigation easier. Member benefits along the way Enjoy offers and member benefits at selected accommodations, caf\u00e9s, and other businesses. Support better cycling content You contribute to developing more routes, improving existing ones, [&hellip;]<\/p>\n","protected":false},"featured_media":4924,"template":"","meta":{"_acf_changed":false,"_relevanssi_hide_post":"","_relevanssi_pin_for_all":"","_relevanssi_pin_keywords":"","_relevanssi_unpin_keywords":"","_relevanssi_related_keywords":"","_relevanssi_related_include_ids":"","_relevanssi_related_exclude_ids":"","_relevanssi_related_no_append":"","_relevanssi_related_not_related":"","_relevanssi_related_posts":""},"product_brand":[],"product_cat":[78],"product_tag":[],"class_list":{"0":"post-4426","1":"product","2":"type-product","3":"status-publish","4":"has-post-thumbnail","6":"product_cat-membership","7":"product_shipping_class-free","9":"first","10":"instock","11":"virtual","12":"sold-individually","13":"purchasable","14":"product-type-subscription"},"acf":[],"_links":{"self":[{"href":"https:\/\/norwaybybike.com\/no\/wp-json\/wp\/v2\/product\/4426","targetHints":{"allow":["GET"]}}],"collection":[{"href":"https:\/\/norwaybybike.com\/no\/wp-json\/wp\/v2\/product"}],"about":[{"href":"https:\/\/norwaybybike.com\/no\/wp-json\/wp\/v2\/types\/product"}],"wp:featuredmedia":[{"embeddable":true,"href":"https:\/\/norwaybybike.com\/no\/wp-json\/wp\/v2\/media\/4924"}],"wp:attachment":[{"href":"https:\/\/norwaybybike.com\/no\/wp-json\/wp\/v2\/media?parent=4426"}],"wp:term":[{"taxonomy":"product_brand","embeddable":true,"href":"https:\/\/norwaybybike.com\/no\/wp-json\/wp\/v2\/product_brand?post=4426"},{"taxonomy":"product_cat","embeddable":true,"href":"https:\/\/norwaybybike.com\/no\/wp-json\/wp\/v2\/product_cat?post=4426"},{"taxonomy":"product_tag","embeddable":true,"href":"https:\/\/norwaybybike.com\/no\/wp-json\/wp\/v2\/product_tag?post=4426"}],"curies":[{"name":"wp","href":"https:\/\/api.w.org\/{rel}","templated":true}]}}